{"id":20279,"date":"2021-09-27T12:25:03","date_gmt":"2021-09-27T12:25:03","guid":{"rendered":"https:\/\/www.acronim.net\/asproseat\/certificacions-de-qualitat\/"},"modified":"2025-06-30T11:04:49","modified_gmt":"2025-06-30T11:04:49","slug":"certificaciones-de-calidad","status":"publish","type":"page","link":"https:\/\/asproseat.org\/es\/certificaciones-de-calidad\/","title":{"rendered":"Certificaciones de calidad"},"content":{"rendered":"\t\t<div data-elementor-type=\"wp-page\" data-elementor-id=\"20279\" class=\"elementor elementor-20279 elementor-18903\" data-elementor-post-type=\"page\">\n\t\t\t\t\t\t<section class=\"elementor-section elementor-top-section elementor-element elementor-element-3c75443 elementor-section-content-bottom elementor-section-boxed elementor-section-height-default elementor-section-height-default\" data-id=\"3c75443\" data-element_type=\"section\" data-e-type=\"section\" data-settings=\"{&quot;background_background&quot;:&quot;classic&quot;}\">\n\t\t\t\t\t\t\t<div class=\"elementor-background-overlay\"><\/div>\n\t\t\t\t\t\t\t<div class=\"elementor-container elementor-column-gap-no\">\n\t\t\t\t\t<div class=\"elementor-column elementor-col-100 elementor-top-column elementor-element elementor-element-1167ba2\" data-id=\"1167ba2\" data-element_type=\"column\" data-e-type=\"column\">\n\t\t\t<div class=\"elementor-widget-wrap elementor-element-populated\">\n\t\t\t\t\t\t<div class=\"elementor-element elementor-element-924cdf7 elementor-widget elementor-widget-heading\" data-id=\"924cdf7\" data-element_type=\"widget\" data-e-type=\"widget\" data-widget_type=\"heading.default\">\n\t\t\t\t<div class=\"elementor-widget-container\">\n\t\t\t\t\t<h1 class=\"elementor-heading-title elementor-size-default\">Compromiso de excelencia<\/h1>\t\t\t\t<\/div>\n\t\t\t\t<\/div>\n\t\t\t\t<div class=\"elementor-element elementor-element-03cf9b0 elementor-widget elementor-widget-heading\" data-id=\"03cf9b0\" data-element_type=\"widget\" data-e-type=\"widget\" data-widget_type=\"heading.default\">\n\t\t\t\t<div class=\"elementor-widget-container\">\n\t\t\t\t\t<h2 class=\"elementor-heading-title elementor-size-default\">Certificaciones de calidad ISO 9001, 14001 i sello EFQM<\/h2>\t\t\t\t<\/div>\n\t\t\t\t<\/div>\n\t\t\t\t\t<\/div>\n\t\t<\/div>\n\t\t\t\t\t<\/div>\n\t\t<\/section>\n\t\t\t\t<section class=\"elementor-section elementor-top-section elementor-element elementor-element-79851f8 elementor-section-boxed elementor-section-height-default elementor-section-height-default\" data-id=\"79851f8\" data-element_type=\"section\" data-e-type=\"section\">\n\t\t\t\t\t\t<div class=\"elementor-container elementor-column-gap-default\">\n\t\t\t\t\t<div class=\"elementor-column elementor-col-50 elementor-top-column elementor-element elementor-element-d901b43\" data-id=\"d901b43\" data-element_type=\"column\" data-e-type=\"column\" data-settings=\"{&quot;background_background&quot;:&quot;classic&quot;}\">\n\t\t\t<div class=\"elementor-widget-wrap elementor-element-populated\">\n\t\t\t\t\t\t<div class=\"elementor-element elementor-element-26b06f0 elementor-widget elementor-widget-heading\" data-id=\"26b06f0\" data-element_type=\"widget\" data-e-type=\"widget\" data-widget_type=\"heading.default\">\n\t\t\t\t<div class=\"elementor-widget-container\">\n\t\t\t\t\t<h2 class=\"elementor-heading-title elementor-size-default\">Sello de Excelencia Europea<\/h2>\t\t\t\t<\/div>\n\t\t\t\t<\/div>\n\t\t\t\t<div class=\"elementor-element elementor-element-016455f elementor-widget elementor-widget-text-editor\" data-id=\"016455f\" data-element_type=\"widget\" data-e-type=\"widget\" data-widget_type=\"text-editor.default\">\n\t\t\t\t<div class=\"elementor-widget-container\">\n\t\t\t\t\t\t\t\t\t<p>Barcelona, febrero 2024.- El <a href=\"https:\/\/www.clubexcelencia.org\/\" target=\"_blank\" rel=\"noopener\"><strong>Club Excelencia en Gesti\u00f3n<\/strong><\/a>, asociaci\u00f3n multisectorial sin \u00e1nimo de lucro que acompa\u00f1a a las organizaciones a transformar su gesti\u00f3n para mejorar sus resultados y reconocer sus avances, <strong>ha concedido a Asproseat grup el sello EFQM 400.<\/strong> Dicho reconocimiento <strong>sit\u00faa a la entidad entre un grupo reducido de organizaciones del \u00e1mbito social que trabaja con un modelo de gesti\u00f3n 5.0 y<\/strong>\u00a0que tiene muy presente en su estrategia la excelencia, la innovaci\u00f3n y la sostenibilidad, as\u00ed como el cuidado del talento y la comunicaci\u00f3n con sus grupos de inter\u00e9s. Una base s\u00f3lida para ser una organizaci\u00f3n m\u00e1s \u00e1gil y preparada para el futuro.<\/p>\t\t\t\t\t\t\t\t<\/div>\n\t\t\t\t<\/div>\n\t\t\t\t\t<\/div>\n\t\t<\/div>\n\t\t\t\t<div class=\"elementor-column elementor-col-50 elementor-top-column elementor-element elementor-element-ae26778\" data-id=\"ae26778\" data-element_type=\"column\" data-e-type=\"column\" data-settings=\"{&quot;background_background&quot;:&quot;classic&quot;}\">\n\t\t\t<div class=\"elementor-widget-wrap elementor-element-populated\">\n\t\t\t\t\t\t<div class=\"elementor-element elementor-element-6c33e1b elementor-widget elementor-widget-image\" data-id=\"6c33e1b\" data-element_type=\"widget\" data-e-type=\"widget\" data-widget_type=\"image.default\">\n\t\t\t\t<div class=\"elementor-widget-container\">\n\t\t\t\t\t\t\t\t\t\t\t\t\t\t\t<img fetchpriority=\"high\" decoding=\"async\" width=\"177\" height=\"300\" src=\"https:\/\/asproseat.org\/wp-content\/uploads\/2024\/02\/Sello-400-EFQM_23-26_COLOR-177x300.png\" class=\"attachment-medium size-medium wp-image-31345\" alt=\"Sello-400-EFQM_\" srcset=\"https:\/\/asproseat.org\/wp-content\/uploads\/2024\/02\/Sello-400-EFQM_23-26_COLOR-177x300.png 177w, https:\/\/asproseat.org\/wp-content\/uploads\/2024\/02\/Sello-400-EFQM_23-26_COLOR.png 591w\" sizes=\"(max-width: 177px) 100vw, 177px\" \/>\t\t\t\t\t\t\t\t\t\t\t\t\t\t\t<\/div>\n\t\t\t\t<\/div>\n\t\t\t\t\t<\/div>\n\t\t<\/div>\n\t\t\t\t\t<\/div>\n\t\t<\/section>\n\t\t\t\t<section class=\"elementor-section elementor-top-section elementor-element elementor-element-7d843a4 elementor-section-boxed elementor-section-height-default elementor-section-height-default\" data-id=\"7d843a4\" data-element_type=\"section\" data-e-type=\"section\">\n\t\t\t\t\t\t<div class=\"elementor-container elementor-column-gap-default\">\n\t\t\t\t\t<div class=\"elementor-column elementor-col-100 elementor-top-column elementor-element elementor-element-9db970b\" data-id=\"9db970b\" data-element_type=\"column\" data-e-type=\"column\">\n\t\t\t<div class=\"elementor-widget-wrap elementor-element-populated\">\n\t\t\t\t\t\t<div class=\"elementor-element elementor-element-bc4a5ab elementor-widget elementor-widget-text-editor\" data-id=\"bc4a5ab\" data-element_type=\"widget\" data-e-type=\"widget\" data-widget_type=\"text-editor.default\">\n\t\t\t\t<div class=\"elementor-widget-container\">\n\t\t\t\t\t\t\t\t\t<h2><span style=\"font-weight: 400;\">ISO 9001:2015 y ISO 14001:2015<\/span><\/h2><p>La\u00a0<strong>Fundaci\u00f3n\u00a0Asproseat\u00a0Empresa y Trabajo<\/strong>\u00a0dispone de un sistema de gesti\u00f3n de calidad conforme con las normas ISO 9001:2015\u00a0\u00a0y certificado ER-0359\/2003 y ISO 14001:2015, con el certificado GA-2013\/0166 por las\u00a0<strong>actividades de manipulados y montajes de productos en el sector de la automoci\u00f3n, envasados convencionales y envasado de productos cosm\u00e9ticos<\/strong>\u00a0en atm\u00f3sfera limpia, y recogida de \u00f3leo usado.<\/p><p>La\u00a0<strong>Fundaci\u00f3n\u00a0Asproseat\u00a0Proa Esplugues<\/strong>\u00a0est\u00e1 certificada bajo el mismo n\u00famero por las actividades de manipulados y montajes de productos en el sector de la automoci\u00f3n, mantenimiento de jardines y zonas verdes y limpieza integral de edificios de uso p\u00fablico, privado e industrial.<\/p>\t\t\t\t\t\t\t\t<\/div>\n\t\t\t\t<\/div>\n\t\t\t\t\t<\/div>\n\t\t<\/div>\n\t\t\t\t\t<\/div>\n\t\t<\/section>\n\t\t\t\t<section class=\"elementor-section elementor-top-section elementor-element elementor-element-061cac4 elementor-section-boxed elementor-section-height-default elementor-section-height-default\" data-id=\"061cac4\" data-element_type=\"section\" data-e-type=\"section\">\n\t\t\t\t\t\t<div class=\"elementor-container elementor-column-gap-default\">\n\t\t\t\t\t<div class=\"elementor-column elementor-col-50 elementor-top-column elementor-element elementor-element-5b01bfc\" data-id=\"5b01bfc\" data-element_type=\"column\" data-e-type=\"column\">\n\t\t\t<div class=\"elementor-widget-wrap elementor-element-populated\">\n\t\t\t\t\t\t<div class=\"elementor-element elementor-element-c138dca elementor-widget elementor-widget-image\" data-id=\"c138dca\" data-element_type=\"widget\" data-e-type=\"widget\" data-widget_type=\"image.default\">\n\t\t\t\t<div class=\"elementor-widget-container\">\n\t\t\t\t\t\t\t\t\t\t\t\t\t\t\t<img decoding=\"async\" width=\"492\" height=\"696\" src=\"https:\/\/asproseat.org\/wp-content\/uploads\/2025\/05\/certificado-9001-castella.png\" class=\"attachment-large size-large wp-image-36021\" alt=\"\" srcset=\"https:\/\/asproseat.org\/wp-content\/uploads\/2025\/05\/certificado-9001-castella.png 492w, https:\/\/asproseat.org\/wp-content\/uploads\/2025\/05\/certificado-9001-castella-212x300.png 212w\" sizes=\"(max-width: 492px) 100vw, 492px\" \/>\t\t\t\t\t\t\t\t\t\t\t\t\t\t\t<\/div>\n\t\t\t\t<\/div>\n\t\t\t\t\t<\/div>\n\t\t<\/div>\n\t\t\t\t<div class=\"elementor-column elementor-col-50 elementor-top-column elementor-element elementor-element-cfd08d2\" data-id=\"cfd08d2\" data-element_type=\"column\" data-e-type=\"column\">\n\t\t\t<div class=\"elementor-widget-wrap elementor-element-populated\">\n\t\t\t\t\t\t<div class=\"elementor-element elementor-element-e850397 elementor-widget elementor-widget-image\" data-id=\"e850397\" data-element_type=\"widget\" data-e-type=\"widget\" data-widget_type=\"image.default\">\n\t\t\t\t<div class=\"elementor-widget-container\">\n\t\t\t\t\t\t\t\t\t\t\t\t\t\t\t<img decoding=\"async\" width=\"488\" height=\"695\" src=\"https:\/\/asproseat.org\/wp-content\/uploads\/2025\/05\/certificado-9001-castella-1.png\" class=\"attachment-large size-large wp-image-36024\" alt=\"\" srcset=\"https:\/\/asproseat.org\/wp-content\/uploads\/2025\/05\/certificado-9001-castella-1.png 488w, https:\/\/asproseat.org\/wp-content\/uploads\/2025\/05\/certificado-9001-castella-1-211x300.png 211w\" sizes=\"(max-width: 488px) 100vw, 488px\" \/>\t\t\t\t\t\t\t\t\t\t\t\t\t\t\t<\/div>\n\t\t\t\t<\/div>\n\t\t\t\t\t<\/div>\n\t\t<\/div>\n\t\t\t\t\t<\/div>\n\t\t<\/section>\n\t\t\t\t<section class=\"elementor-section elementor-top-section elementor-element elementor-element-5244bb1 elementor-section-boxed elementor-section-height-default elementor-section-height-default\" data-id=\"5244bb1\" data-element_type=\"section\" data-e-type=\"section\">\n\t\t\t\t\t\t<div class=\"elementor-container elementor-column-gap-default\">\n\t\t\t\t\t<div class=\"elementor-column elementor-col-50 elementor-top-column elementor-element elementor-element-c9973d0\" data-id=\"c9973d0\" data-element_type=\"column\" data-e-type=\"column\">\n\t\t\t<div class=\"elementor-widget-wrap elementor-element-populated\">\n\t\t\t\t\t\t<div class=\"elementor-element elementor-element-f27936d elementor-widget elementor-widget-image\" data-id=\"f27936d\" data-element_type=\"widget\" data-e-type=\"widget\" data-widget_type=\"image.default\">\n\t\t\t\t<div class=\"elementor-widget-container\">\n\t\t\t\t\t\t\t\t\t\t\t\t\t\t\t<img loading=\"lazy\" decoding=\"async\" width=\"487\" height=\"696\" src=\"https:\/\/asproseat.org\/wp-content\/uploads\/2025\/05\/certificado-14-castella.png\" class=\"attachment-large size-large wp-image-36028\" alt=\"\" srcset=\"https:\/\/asproseat.org\/wp-content\/uploads\/2025\/05\/certificado-14-castella.png 487w, https:\/\/asproseat.org\/wp-content\/uploads\/2025\/05\/certificado-14-castella-210x300.png 210w\" sizes=\"(max-width: 487px) 100vw, 487px\" \/>\t\t\t\t\t\t\t\t\t\t\t\t\t\t\t<\/div>\n\t\t\t\t<\/div>\n\t\t\t\t\t<\/div>\n\t\t<\/div>\n\t\t\t\t<div class=\"elementor-column elementor-col-50 elementor-top-column elementor-element elementor-element-ff4f6f8\" data-id=\"ff4f6f8\" data-element_type=\"column\" data-e-type=\"column\">\n\t\t\t<div class=\"elementor-widget-wrap elementor-element-populated\">\n\t\t\t\t\t\t<div class=\"elementor-element elementor-element-96cf093 elementor-widget elementor-widget-image\" data-id=\"96cf093\" data-element_type=\"widget\" data-e-type=\"widget\" data-widget_type=\"image.default\">\n\t\t\t\t<div class=\"elementor-widget-container\">\n\t\t\t\t\t\t\t\t\t\t\t\t\t\t\t<img loading=\"lazy\" decoding=\"async\" width=\"488\" height=\"697\" src=\"https:\/\/asproseat.org\/wp-content\/uploads\/2025\/05\/certificado-14-castella-1.png\" class=\"attachment-large size-large wp-image-36031\" alt=\"\" srcset=\"https:\/\/asproseat.org\/wp-content\/uploads\/2025\/05\/certificado-14-castella-1.png 488w, https:\/\/asproseat.org\/wp-content\/uploads\/2025\/05\/certificado-14-castella-1-210x300.png 210w\" sizes=\"(max-width: 488px) 100vw, 488px\" \/>\t\t\t\t\t\t\t\t\t\t\t\t\t\t\t<\/div>\n\t\t\t\t<\/div>\n\t\t\t\t\t<\/div>\n\t\t<\/div>\n\t\t\t\t\t<\/div>\n\t\t<\/section>\n\t\t\t\t<section class=\"elementor-section elementor-top-section elementor-element elementor-element-13cf601 elementor-section-boxed elementor-section-height-default elementor-section-height-default\" data-id=\"13cf601\" data-element_type=\"section\" data-e-type=\"section\">\n\t\t\t\t\t\t<div class=\"elementor-container elementor-column-gap-default\">\n\t\t\t\t\t<div class=\"elementor-column elementor-col-100 elementor-top-column elementor-element elementor-element-6d74a5a\" data-id=\"6d74a5a\" data-element_type=\"column\" data-e-type=\"column\">\n\t\t\t<div class=\"elementor-widget-wrap elementor-element-populated\">\n\t\t\t\t\t\t<div class=\"elementor-element elementor-element-d65f415 elementor-arrows-position-inside elementor-pagination-position-outside elementor-widget elementor-widget-image-carousel\" data-id=\"d65f415\" data-element_type=\"widget\" data-e-type=\"widget\" data-settings=\"{&quot;slides_to_show&quot;:&quot;2&quot;,&quot;navigation&quot;:&quot;both&quot;,&quot;autoplay&quot;:&quot;yes&quot;,&quot;pause_on_hover&quot;:&quot;yes&quot;,&quot;pause_on_interaction&quot;:&quot;yes&quot;,&quot;autoplay_speed&quot;:5000,&quot;infinite&quot;:&quot;yes&quot;,&quot;speed&quot;:500}\" data-widget_type=\"image-carousel.default\">\n\t\t\t\t<div class=\"elementor-widget-container\">\n\t\t\t\t\t\t\t<div class=\"elementor-image-carousel-wrapper swiper\" role=\"region\" aria-roledescription=\"carousel\" aria-label=\"Image Carousel\" dir=\"ltr\">\n\t\t\t<div class=\"elementor-image-carousel swiper-wrapper\" aria-live=\"off\">\n\t\t\t\t\t\t\t\t<div class=\"swiper-slide\" role=\"group\" aria-roledescription=\"slide\" aria-label=\"1 of 2\"><figure class=\"swiper-slide-inner\"><img decoding=\"async\" class=\"swiper-slide-image\" src=\"https:\/\/asproseat.org\/wp-content\/uploads\/2024\/02\/sodapdf-converted-1-300x160.jpg\" alt=\"sodapdf-converted.jpg\" \/><\/figure><\/div><div class=\"swiper-slide\" role=\"group\" aria-roledescription=\"slide\" aria-label=\"2 of 2\"><figure class=\"swiper-slide-inner\"><img decoding=\"async\" class=\"swiper-slide-image\" src=\"https:\/\/asproseat.org\/wp-content\/uploads\/2024\/02\/Sello-400-EFQM_23-26_COLOR-1-1-1-177x300.png\" alt=\"Sello-400-EFQM_23-26_COLOR-1-1.png\" \/><\/figure><\/div>\t\t\t<\/div>\n\t\t\t\t\t\t\t\t\t\t\t\t<div class=\"elementor-swiper-button elementor-swiper-button-prev\" role=\"button\" tabindex=\"0\">\n\t\t\t\t\t\t<i aria-hidden=\"true\" class=\"eicon-chevron-left\"><\/i>\t\t\t\t\t<\/div>\n\t\t\t\t\t<div class=\"elementor-swiper-button elementor-swiper-button-next\" role=\"button\" tabindex=\"0\">\n\t\t\t\t\t\t<i aria-hidden=\"true\" class=\"eicon-chevron-right\"><\/i>\t\t\t\t\t<\/div>\n\t\t\t\t\n\t\t\t\t\t\t\t\t\t<div class=\"swiper-pagination\"><\/div>\n\t\t\t\t\t\t\t\t\t<\/div>\n\t\t\t\t\t\t<\/div>\n\t\t\t\t<\/div>\n\t\t\t\t\t<\/div>\n\t\t<\/div>\n\t\t\t\t\t<\/div>\n\t\t<\/section>\n\t\t\t\t<\/div>\n\t\t","protected":false},"excerpt":{"rendered":"<p>Compromiso de excelencia Certificaciones de calidad ISO 9001, 14001 i sello EFQM Sello de Excelencia Europea Barcelona, febrero 2024.- El Club Excelencia en Gesti\u00f3n, asociaci\u00f3n multisectorial sin \u00e1nimo de lucro que acompa\u00f1a a las organizaciones a transformar su gesti\u00f3n para mejorar sus resultados y reconocer sus avances, ha concedido a Asproseat grup el sello EFQM [&hellip;]<\/p>\n","protected":false},"author":5,"featured_media":0,"parent":0,"menu_order":0,"comment_status":"closed","ping_status":"closed","template":"","meta":{"footnotes":""},"class_list":["post-20279","page","type-page","status-publish","hentry"],"yoast_head":"<!-- This site is optimized with the Yoast SEO plugin v27.5 - https:\/\/yoast.com\/product\/yoast-seo-wordpress\/ -->\n<title>Certificaciones de calidad - Asproseat<\/title>\n<meta name=\"description\" content=\"Compromiso de excelencia Asproseat Grup, entidad que trabaja para personas con discapacidad. \u00a1Descubre sus certificaciones de calidad!\" \/>\n<meta name=\"robots\" content=\"index, follow, max-snippet:-1, max-image-preview:large, max-video-preview:-1\" \/>\n<link rel=\"canonical\" href=\"https:\/\/asproseat.org\/certificacions-de-qualitat\/\" \/>\n<meta property=\"og:locale\" content=\"es_ES\" \/>\n<meta property=\"og:type\" content=\"article\" \/>\n<meta property=\"og:title\" content=\"Certificaciones de calidad - Asproseat\" \/>\n<meta property=\"og:description\" content=\"Compromiso de excelencia Asproseat Grup, entidad que trabaja para personas con discapacidad. \u00a1Descubre sus certificaciones de calidad!\" \/>\n<meta property=\"og:url\" content=\"https:\/\/asproseat.org\/certificacions-de-qualitat\/\" \/>\n<meta property=\"og:site_name\" content=\"Asproseat\" \/>\n<meta property=\"article:modified_time\" content=\"2025-06-30T11:04:49+00:00\" \/>\n<meta property=\"og:image\" content=\"https:\/\/asproseat.org\/wp-content\/uploads\/2024\/02\/Sello-400-EFQM_23-26_COLOR.png\" \/>\n\t<meta property=\"og:image:width\" content=\"591\" \/>\n\t<meta property=\"og:image:height\" content=\"1000\" \/>\n\t<meta property=\"og:image:type\" content=\"image\/png\" \/>\n<meta name=\"twitter:card\" content=\"summary_large_image\" \/>\n<script type=\"application\/ld+json\" class=\"yoast-schema-graph\">{\"@context\":\"https:\\\/\\\/schema.org\",\"@graph\":[{\"@type\":\"WebPage\",\"@id\":\"https:\\\/\\\/asproseat.org\\\/certificacions-de-qualitat\\\/\",\"url\":\"https:\\\/\\\/asproseat.org\\\/certificacions-de-qualitat\\\/\",\"name\":\"Certificaciones de calidad - Asproseat\",\"isPartOf\":{\"@id\":\"https:\\\/\\\/asproseat.org\\\/#website\"},\"primaryImageOfPage\":{\"@id\":\"https:\\\/\\\/asproseat.org\\\/certificacions-de-qualitat\\\/#primaryimage\"},\"image\":{\"@id\":\"https:\\\/\\\/asproseat.org\\\/certificacions-de-qualitat\\\/#primaryimage\"},\"thumbnailUrl\":\"https:\\\/\\\/asproseat.org\\\/wp-content\\\/uploads\\\/2024\\\/02\\\/Sello-400-EFQM_23-26_COLOR-177x300.png\",\"datePublished\":\"2021-09-27T12:25:03+00:00\",\"dateModified\":\"2025-06-30T11:04:49+00:00\",\"description\":\"Compromiso de excelencia Asproseat Grup, entidad que trabaja para personas con discapacidad. \u00a1Descubre sus certificaciones de calidad!\",\"breadcrumb\":{\"@id\":\"https:\\\/\\\/asproseat.org\\\/certificacions-de-qualitat\\\/#breadcrumb\"},\"inLanguage\":\"ES\",\"potentialAction\":[{\"@type\":\"ReadAction\",\"target\":[\"https:\\\/\\\/asproseat.org\\\/certificacions-de-qualitat\\\/\"]}]},{\"@type\":\"ImageObject\",\"inLanguage\":\"ES\",\"@id\":\"https:\\\/\\\/asproseat.org\\\/certificacions-de-qualitat\\\/#primaryimage\",\"url\":\"https:\\\/\\\/asproseat.org\\\/wp-content\\\/uploads\\\/2024\\\/02\\\/Sello-400-EFQM_23-26_COLOR-177x300.png\",\"contentUrl\":\"https:\\\/\\\/asproseat.org\\\/wp-content\\\/uploads\\\/2024\\\/02\\\/Sello-400-EFQM_23-26_COLOR-177x300.png\"},{\"@type\":\"BreadcrumbList\",\"@id\":\"https:\\\/\\\/asproseat.org\\\/certificacions-de-qualitat\\\/#breadcrumb\",\"itemListElement\":[{\"@type\":\"ListItem\",\"position\":1,\"name\":\"Inici\",\"item\":\"https:\\\/\\\/asproseat.org\\\/\"},{\"@type\":\"ListItem\",\"position\":2,\"name\":\"Certificaciones de calidad\"}]},{\"@type\":\"WebSite\",\"@id\":\"https:\\\/\\\/asproseat.org\\\/#website\",\"url\":\"https:\\\/\\\/asproseat.org\\\/\",\"name\":\"Asproseat\",\"description\":\"Serveis a persones amb discapacitat\",\"publisher\":{\"@id\":\"https:\\\/\\\/asproseat.org\\\/#organization\"},\"potentialAction\":[{\"@type\":\"SearchAction\",\"target\":{\"@type\":\"EntryPoint\",\"urlTemplate\":\"https:\\\/\\\/asproseat.org\\\/?s={search_term_string}\"},\"query-input\":{\"@type\":\"PropertyValueSpecification\",\"valueRequired\":true,\"valueName\":\"search_term_string\"}}],\"inLanguage\":\"ES\"},{\"@type\":\"Organization\",\"@id\":\"https:\\\/\\\/asproseat.org\\\/#organization\",\"name\":\"Asproseat\",\"url\":\"https:\\\/\\\/asproseat.org\\\/\",\"logo\":{\"@type\":\"ImageObject\",\"inLanguage\":\"ES\",\"@id\":\"https:\\\/\\\/asproseat.org\\\/#\\\/schema\\\/logo\\\/image\\\/\",\"url\":\"https:\\\/\\\/asproseat.org\\\/wp-content\\\/uploads\\\/2021\\\/08\\\/cropped-asproseat-logo-white2-1.png\",\"contentUrl\":\"https:\\\/\\\/asproseat.org\\\/wp-content\\\/uploads\\\/2021\\\/08\\\/cropped-asproseat-logo-white2-1.png\",\"width\":300,\"height\":79,\"caption\":\"Asproseat\"},\"image\":{\"@id\":\"https:\\\/\\\/asproseat.org\\\/#\\\/schema\\\/logo\\\/image\\\/\"}}]}<\/script>\n<!-- \/ Yoast SEO plugin. -->","yoast_head_json":{"title":"Certificaciones de calidad - Asproseat","description":"Compromiso de excelencia Asproseat Grup, entidad que trabaja para personas con discapacidad. \u00a1Descubre sus certificaciones de calidad!","robots":{"index":"index","follow":"follow","max-snippet":"max-snippet:-1","max-image-preview":"max-image-preview:large","max-video-preview":"max-video-preview:-1"},"canonical":"https:\/\/asproseat.org\/certificacions-de-qualitat\/","og_locale":"es_ES","og_type":"article","og_title":"Certificaciones de calidad - Asproseat","og_description":"Compromiso de excelencia Asproseat Grup, entidad que trabaja para personas con discapacidad. \u00a1Descubre sus certificaciones de calidad!","og_url":"https:\/\/asproseat.org\/certificacions-de-qualitat\/","og_site_name":"Asproseat","article_modified_time":"2025-06-30T11:04:49+00:00","og_image":[{"width":591,"height":1000,"url":"https:\/\/asproseat.org\/wp-content\/uploads\/2024\/02\/Sello-400-EFQM_23-26_COLOR.png","type":"image\/png"}],"twitter_card":"summary_large_image","schema":{"@context":"https:\/\/schema.org","@graph":[{"@type":"WebPage","@id":"https:\/\/asproseat.org\/certificacions-de-qualitat\/","url":"https:\/\/asproseat.org\/certificacions-de-qualitat\/","name":"Certificaciones de calidad - Asproseat","isPartOf":{"@id":"https:\/\/asproseat.org\/#website"},"primaryImageOfPage":{"@id":"https:\/\/asproseat.org\/certificacions-de-qualitat\/#primaryimage"},"image":{"@id":"https:\/\/asproseat.org\/certificacions-de-qualitat\/#primaryimage"},"thumbnailUrl":"https:\/\/asproseat.org\/wp-content\/uploads\/2024\/02\/Sello-400-EFQM_23-26_COLOR-177x300.png","datePublished":"2021-09-27T12:25:03+00:00","dateModified":"2025-06-30T11:04:49+00:00","description":"Compromiso de excelencia Asproseat Grup, entidad que trabaja para personas con discapacidad. \u00a1Descubre sus certificaciones de calidad!","breadcrumb":{"@id":"https:\/\/asproseat.org\/certificacions-de-qualitat\/#breadcrumb"},"inLanguage":"ES","potentialAction":[{"@type":"ReadAction","target":["https:\/\/asproseat.org\/certificacions-de-qualitat\/"]}]},{"@type":"ImageObject","inLanguage":"ES","@id":"https:\/\/asproseat.org\/certificacions-de-qualitat\/#primaryimage","url":"https:\/\/asproseat.org\/wp-content\/uploads\/2024\/02\/Sello-400-EFQM_23-26_COLOR-177x300.png","contentUrl":"https:\/\/asproseat.org\/wp-content\/uploads\/2024\/02\/Sello-400-EFQM_23-26_COLOR-177x300.png"},{"@type":"BreadcrumbList","@id":"https:\/\/asproseat.org\/certificacions-de-qualitat\/#breadcrumb","itemListElement":[{"@type":"ListItem","position":1,"name":"Inici","item":"https:\/\/asproseat.org\/"},{"@type":"ListItem","position":2,"name":"Certificaciones de calidad"}]},{"@type":"WebSite","@id":"https:\/\/asproseat.org\/#website","url":"https:\/\/asproseat.org\/","name":"Asproseat","description":"Serveis a persones amb discapacitat","publisher":{"@id":"https:\/\/asproseat.org\/#organization"},"potentialAction":[{"@type":"SearchAction","target":{"@type":"EntryPoint","urlTemplate":"https:\/\/asproseat.org\/?s={search_term_string}"},"query-input":{"@type":"PropertyValueSpecification","valueRequired":true,"valueName":"search_term_string"}}],"inLanguage":"ES"},{"@type":"Organization","@id":"https:\/\/asproseat.org\/#organization","name":"Asproseat","url":"https:\/\/asproseat.org\/","logo":{"@type":"ImageObject","inLanguage":"ES","@id":"https:\/\/asproseat.org\/#\/schema\/logo\/image\/","url":"https:\/\/asproseat.org\/wp-content\/uploads\/2021\/08\/cropped-asproseat-logo-white2-1.png","contentUrl":"https:\/\/asproseat.org\/wp-content\/uploads\/2021\/08\/cropped-asproseat-logo-white2-1.png","width":300,"height":79,"caption":"Asproseat"},"image":{"@id":"https:\/\/asproseat.org\/#\/schema\/logo\/image\/"}}]}},"_links":{"self":[{"href":"https:\/\/asproseat.org\/es\/wp-json\/wp\/v2\/pages\/20279","targetHints":{"allow":["GET"]}}],"collection":[{"href":"https:\/\/asproseat.org\/es\/wp-json\/wp\/v2\/pages"}],"about":[{"href":"https:\/\/asproseat.org\/es\/wp-json\/wp\/v2\/types\/page"}],"author":[{"embeddable":true,"href":"https:\/\/asproseat.org\/es\/wp-json\/wp\/v2\/users\/5"}],"replies":[{"embeddable":true,"href":"https:\/\/asproseat.org\/es\/wp-json\/wp\/v2\/comments?post=20279"}],"version-history":[{"count":21,"href":"https:\/\/asproseat.org\/es\/wp-json\/wp\/v2\/pages\/20279\/revisions"}],"predecessor-version":[{"id":36337,"href":"https:\/\/asproseat.org\/es\/wp-json\/wp\/v2\/pages\/20279\/revisions\/36337"}],"wp:attachment":[{"href":"https:\/\/asproseat.org\/es\/wp-json\/wp\/v2\/media?parent=20279"}],"curies":[{"name":"wp","href":"https:\/\/api.w.org\/{rel}","templated":true}]}}