{"id":20284,"date":"2021-04-28T02:07:00","date_gmt":"2021-04-28T02:07:00","guid":{"rendered":"https:\/\/www.acronim.net\/asproseat\/contacte\/"},"modified":"2024-02-19T15:42:30","modified_gmt":"2024-02-19T15:42:30","slug":"contacto-asproseat","status":"publish","type":"page","link":"https:\/\/asproseat.org\/es\/contacto-asproseat\/","title":{"rendered":"Contacto"},"content":{"rendered":"\t\t<div data-elementor-type=\"wp-page\" data-elementor-id=\"20284\" class=\"elementor elementor-20284 elementor-18\" data-elementor-post-type=\"page\">\n\t\t\t\t\t\t<section class=\"elementor-section elementor-top-section elementor-element elementor-element-4cc75f3 elementor-section-content-bottom elementor-section-boxed elementor-section-height-default elementor-section-height-default\" data-id=\"4cc75f3\" data-element_type=\"section\" data-e-type=\"section\" data-settings=\"{&quot;background_background&quot;:&quot;classic&quot;}\">\n\t\t\t\t\t\t\t<div class=\"elementor-background-overlay\"><\/div>\n\t\t\t\t\t\t\t<div class=\"elementor-container elementor-column-gap-no\">\n\t\t\t\t\t<div class=\"elementor-column elementor-col-100 elementor-top-column elementor-element elementor-element-d89cfc0\" data-id=\"d89cfc0\" data-element_type=\"column\" data-e-type=\"column\">\n\t\t\t<div class=\"elementor-widget-wrap elementor-element-populated\">\n\t\t\t\t\t\t<div class=\"elementor-element elementor-element-3f7c895 elementor-widget elementor-widget-heading\" data-id=\"3f7c895\" data-element_type=\"widget\" data-e-type=\"widget\" data-widget_type=\"heading.default\">\n\t\t\t\t<div class=\"elementor-widget-container\">\n\t\t\t\t\t<h1 class=\"elementor-heading-title elementor-size-default\">\u00a1Cont\u00e1ctanos!<\/h1>\t\t\t\t<\/div>\n\t\t\t\t<\/div>\n\t\t\t\t<div class=\"elementor-element elementor-element-9b5b54f elementor-widget elementor-widget-heading\" data-id=\"9b5b54f\" data-element_type=\"widget\" data-e-type=\"widget\" data-widget_type=\"heading.default\">\n\t\t\t\t<div class=\"elementor-widget-container\">\n\t\t\t\t\t<h2 class=\"elementor-heading-title elementor-size-default\">Para cualquier otra informaci\u00f3n, contacta con nosotros enviando un formulario<\/h2>\t\t\t\t<\/div>\n\t\t\t\t<\/div>\n\t\t\t\t\t<\/div>\n\t\t<\/div>\n\t\t\t\t\t<\/div>\n\t\t<\/section>\n\t\t\t\t<section class=\"elementor-section elementor-top-section elementor-element elementor-element-0788bee elementor-section-boxed elementor-section-height-default elementor-section-height-default\" data-id=\"0788bee\" data-element_type=\"section\" data-e-type=\"section\" data-settings=\"{&quot;background_background&quot;:&quot;classic&quot;}\">\n\t\t\t\t\t\t\t<div class=\"elementor-background-overlay\"><\/div>\n\t\t\t\t\t\t\t<div class=\"elementor-container elementor-column-gap-default\">\n\t\t\t\t\t<div class=\"elementor-column elementor-col-50 elementor-top-column elementor-element elementor-element-ebaf338\" data-id=\"ebaf338\" data-element_type=\"column\" data-e-type=\"column\" data-settings=\"{&quot;background_background&quot;:&quot;classic&quot;}\">\n\t\t\t<div class=\"elementor-widget-wrap elementor-element-populated\">\n\t\t\t\t\t\t<div class=\"elementor-element elementor-element-8d061ed elementor-widget elementor-widget-heading\" data-id=\"8d061ed\" data-element_type=\"widget\" data-e-type=\"widget\" data-widget_type=\"heading.default\">\n\t\t\t\t<div class=\"elementor-widget-container\">\n\t\t\t\t\t<h2 class=\"elementor-heading-title elementor-size-default\">\u00bfEn qu\u00e9 te podemos ayudar?<\/h2>\t\t\t\t<\/div>\n\t\t\t\t<\/div>\n\t\t\t\t<div class=\"elementor-element elementor-element-be51f0e elementor-button-align-stretch elementor-widget elementor-widget-form\" data-id=\"be51f0e\" data-element_type=\"widget\" data-e-type=\"widget\" data-settings=\"{&quot;step_next_label&quot;:&quot;Next&quot;,&quot;step_previous_label&quot;:&quot;Previous&quot;,&quot;button_width&quot;:&quot;100&quot;,&quot;step_type&quot;:&quot;number_text&quot;,&quot;step_icon_shape&quot;:&quot;circle&quot;}\" data-widget_type=\"form.default\">\n\t\t\t\t<div class=\"elementor-widget-container\">\n\t\t\t\t\t\t\t<form class=\"elementor-form\" method=\"post\" name=\"Formulari activitats\" aria-label=\"Formulari activitats\">\n\t\t\t<input type=\"hidden\" name=\"post_id\" value=\"20284\"\/>\n\t\t\t<input type=\"hidden\" name=\"form_id\" value=\"be51f0e\"\/>\n\t\t\t<input type=\"hidden\" name=\"referer_title\" value=\"Contacto - Asproseat\" \/>\n\n\t\t\t\t\t\t\t<input type=\"hidden\" name=\"queried_id\" value=\"20284\"\/>\n\t\t\t\n\t\t\t<div class=\"elementor-form-fields-wrapper elementor-labels-above\">\n\t\t\t\t\t\t\t\t<div class=\"elementor-field-type-text elementor-field-group elementor-column elementor-field-group-name elementor-col-100\">\n\t\t\t\t\t\t\t\t\t\t\t\t<label for=\"form-field-name\" class=\"elementor-field-label\">\n\t\t\t\t\t\t\t\tNombre y apellido*\t\t\t\t\t\t\t<\/label>\n\t\t\t\t\t\t\t\t\t\t\t\t\t\t<input size=\"1\" type=\"text\" name=\"form_fields[name]\" id=\"form-field-name\" class=\"elementor-field elementor-size-sm  elementor-field-textual\">\n\t\t\t\t\t\t\t\t\t\t\t<\/div>\n\t\t\t\t\t\t\t\t<div class=\"elementor-field-type-email elementor-field-group elementor-column elementor-field-group-email elementor-col-100 elementor-field-required\">\n\t\t\t\t\t\t\t\t\t\t\t\t<label for=\"form-field-email\" class=\"elementor-field-label\">\n\t\t\t\t\t\t\t\tEmail*\t\t\t\t\t\t\t<\/label>\n\t\t\t\t\t\t\t\t\t\t\t\t\t\t<input size=\"1\" type=\"email\" name=\"form_fields[email]\" id=\"form-field-email\" class=\"elementor-field elementor-size-sm  elementor-field-textual\" required=\"required\">\n\t\t\t\t\t\t\t\t\t\t\t<\/div>\n\t\t\t\t\t\t\t\t<div class=\"elementor-field-type-tel elementor-field-group elementor-column elementor-field-group-field_533061d elementor-col-100\">\n\t\t\t\t\t\t\t\t\t\t\t\t<label for=\"form-field-field_533061d\" class=\"elementor-field-label\">\n\t\t\t\t\t\t\t\tTel\u00e9fono\t\t\t\t\t\t\t<\/label>\n\t\t\t\t\t\t\t\t<input size=\"1\" type=\"tel\" name=\"form_fields[field_533061d]\" id=\"form-field-field_533061d\" class=\"elementor-field elementor-size-sm  elementor-field-textual\" pattern=\"[0-9()#&amp;+*-=.]+\" title=\"Only numbers and phone characters (#, -, *, etc) are accepted.\">\n\n\t\t\t\t\t\t<\/div>\n\t\t\t\t\t\t\t\t<div class=\"elementor-field-type-textarea elementor-field-group elementor-column elementor-field-group-message elementor-col-100\">\n\t\t\t\t\t\t\t\t\t\t\t\t<label for=\"form-field-message\" class=\"elementor-field-label\">\n\t\t\t\t\t\t\t\tMensaje\t\t\t\t\t\t\t<\/label>\n\t\t\t\t\t\t<textarea class=\"elementor-field-textual elementor-field  elementor-size-sm\" name=\"form_fields[message]\" id=\"form-field-message\" rows=\"4\" placeholder=\"\u00bfQu\u00e9 necesitas?\"><\/textarea>\t\t\t\t<\/div>\n\t\t\t\t\t\t\t\t<div class=\"elementor-field-type-html elementor-field-group elementor-column elementor-field-group-field_2c74869 elementor-col-100\">\n\t\t\t\t\tDe acuerdo con la Ley Org\u00e1nica 3\/2018, de 5 de diciembre, de Protecci\u00f3n de Datos Personales y Garant\u00eda de los Derechos Digitales (LOPDGDD), los datos personales recogidos en el presente formulario ser\u00e1n objeto de tratamiento por parte de <strong>ASPROSEAT <\/strong>. con el fin de ponernos en contacto con usted y ofrecer una respuesta a las consultas planteadas por medio del presente formulario. La base legal para el tratamiento de sus datos es su consentimiento, el desarrollo de medidas precontractuales o contractuales, el cumplimiento de obligaciones legales y\/o el inter\u00e9s leg\u00edtimo de <strong>ASPROSEAT<\/strong>. Se podr\u00e1n ejercitar los derechos de acceso, supresi\u00f3n, rectificaci\u00f3n, oposici\u00f3n, portabilidad o limitaci\u00f3n mediante correo electr\u00f3nico a la direcci\u00f3n<a href=\"mailto: rgpd@asproseat.org. \"> rgpd@asproseat.org<\/a>. En todo caso, los interesados \u200b\u200btendr\u00e1n derecho a presentar una reclamaci\u00f3n ante la Autoridad de Protecci\u00f3n de Datos correspondiente. Puede contactar con la persona delegada de protecci\u00f3n de datos en la direcci\u00f3n <a href=\"mailto:dpd@asproseat.org\">dpd@asproseat.org<\/a>\n. Los datos personales proporcionados se conservar\u00e1n por el per\u00edodo legal o contractualmente previsto, o mientras se mantenga el consentimiento del interesado. No se har\u00e1 cesi\u00f3n de los datos recogidos, salvo por obligaci\u00f3n legal o cesiones autorizadas por ley. Rogamos, comunique de forma inmediata a <a href=\"mailto: rgpd@asproseat.org \"> rgpd@asproseat.org <\/a> cualquier cambio o modificaci\u00f3n que se produzca en relaci\u00f3n con los datos que nos ha proporcionado, con el fin que \u00e9stas respondan con veracidad a su situaci\u00f3n personal en todo momento.\n\t\t\t\t<\/div>\n\t\t\t\t\t\t\t\t<div class=\"elementor-field-type-acceptance elementor-field-group elementor-column elementor-field-group-field_811ce4a elementor-col-100 elementor-field-required\">\n\t\t\t\t\t\t\t<div class=\"elementor-field-subgroup\">\n\t\t\t<span class=\"elementor-field-option\">\n\t\t\t\t<input type=\"checkbox\" name=\"form_fields[field_811ce4a]\" id=\"form-field-field_811ce4a\" class=\"elementor-field elementor-size-sm  elementor-acceptance-field\" required=\"required\">\n\t\t\t\t<label for=\"form-field-field_811ce4a\">ACEPTO LA <a href=\"https:\/\/asproseat.org\/es\/politica-de-privacidad\/\">POL\u00cdTICA DE PRIVACIDAD<\/a>*\n<\/label>\t\t\t<\/span>\n\t\t<\/div>\n\t\t\t\t\t\t<\/div>\n\t\t\t\t\t\t\t\t<div class=\"elementor-field-type-acceptance elementor-field-group elementor-column elementor-field-group-field_47f02a6 elementor-col-100 elementor-field-required\">\n\t\t\t\t\t\t\t<div class=\"elementor-field-subgroup\">\n\t\t\t<span class=\"elementor-field-option\">\n\t\t\t\t<input type=\"checkbox\" name=\"form_fields[field_47f02a6]\" id=\"form-field-field_47f02a6\" class=\"elementor-field elementor-size-sm  elementor-acceptance-field\" required=\"required\">\n\t\t\t\t<label for=\"form-field-field_47f02a6\">ACEPTO RECIBIR COMUNICACIONES INFORMATIVAS \/ COMERCIALES DE ASPROSEAT<\/label>\t\t\t<\/span>\n\t\t<\/div>\n\t\t\t\t\t\t<\/div>\n\t\t\t\t\t\t\t\t<div class=\"elementor-field-type-html elementor-field-group elementor-column elementor-field-group-field_9a0a5bd elementor-col-100\">\n\t\t\t\t\t<i>Los campos marcados con asterisco son obligatorios<\/i>\n\t\t\t\t<\/div>\n\t\t\t\t\t\t\t\t<div class=\"elementor-field-type-recaptcha_v3 elementor-field-group elementor-column elementor-field-group-field_19c4749 elementor-col-100 recaptcha_v3-bottomright\">\n\t\t\t\t\t<div class=\"elementor-field\" id=\"form-field-field_19c4749\"><div class=\"elementor-g-recaptcha\" data-sitekey=\"6Lexes4rAAAAAPxBw-91iHlk_PHkYnTKeyBkqqOJ\" data-type=\"v3\" data-action=\"Form\" data-badge=\"bottomright\" data-size=\"invisible\"><\/div><\/div>\t\t\t\t<\/div>\n\t\t\t\t\t\t\t\t<div class=\"elementor-field-type-recaptcha_v3 elementor-field-group elementor-column elementor-field-group-field_b7cad3b elementor-col-100 recaptcha_v3-bottomright\">\n\t\t\t\t\t<div class=\"elementor-field\" id=\"form-field-field_b7cad3b\"><div class=\"elementor-g-recaptcha\" data-sitekey=\"6Lexes4rAAAAAPxBw-91iHlk_PHkYnTKeyBkqqOJ\" data-type=\"v3\" data-action=\"Form\" data-badge=\"bottomright\" data-size=\"invisible\"><\/div><\/div>\t\t\t\t<\/div>\n\t\t\t\t\t\t\t\t<div class=\"elementor-field-group elementor-column elementor-field-type-submit elementor-col-100 e-form__buttons\">\n\t\t\t\t\t<button class=\"elementor-button elementor-size-sm\" type=\"submit\">\n\t\t\t\t\t\t<span class=\"elementor-button-content-wrapper\">\n\t\t\t\t\t\t\t\t\t\t\t\t\t\t\t\t\t\t\t\t\t\t<span class=\"elementor-button-text\">Enviar<\/span>\n\t\t\t\t\t\t\t\t\t\t\t\t\t<\/span>\n\t\t\t\t\t<\/button>\n\t\t\t\t<\/div>\n\t\t\t<\/div>\n\t\t<\/form>\n\t\t\t\t\t\t<\/div>\n\t\t\t\t<\/div>\n\t\t\t\t\t<\/div>\n\t\t<\/div>\n\t\t\t\t<div class=\"elementor-column elementor-col-50 elementor-top-column elementor-element elementor-element-aee7048\" data-id=\"aee7048\" data-element_type=\"column\" data-e-type=\"column\" data-settings=\"{&quot;background_background&quot;:&quot;classic&quot;}\">\n\t\t\t<div class=\"elementor-widget-wrap elementor-element-populated\">\n\t\t\t\t\t\t<div class=\"elementor-element elementor-element-b4255f2 elementor-widget elementor-widget-heading\" data-id=\"b4255f2\" data-element_type=\"widget\" data-e-type=\"widget\" data-widget_type=\"heading.default\">\n\t\t\t\t<div class=\"elementor-widget-container\">\n\t\t\t\t\t<h2 class=\"elementor-heading-title elementor-size-default\">Sede central<\/h2>\t\t\t\t<\/div>\n\t\t\t\t<\/div>\n\t\t\t\t<div class=\"elementor-element elementor-element-b08b687 elementor-widget elementor-widget-google_maps\" data-id=\"b08b687\" data-element_type=\"widget\" data-e-type=\"widget\" data-widget_type=\"google_maps.default\">\n\t\t\t\t<div class=\"elementor-widget-container\">\n\t\t\t\t\t\t\t<div class=\"elementor-custom-embed\">\n\t\t\t<iframe loading=\"lazy\"\n\t\t\t\t\tsrc=\"https:\/\/maps.google.com\/maps?q=C.%20Dolors%20Aleu%2C%2027%2C%2033%2C%2008908%20L%27Hospitalet%20de%20Llobregat%2C%20Barcelona&#038;t=m&#038;z=13&#038;output=embed&#038;iwloc=near\"\n\t\t\t\t\ttitle=\"C. Dolors Aleu, 27, 33, 08908 L&#039;Hospitalet de Llobregat, Barcelona\"\n\t\t\t\t\taria-label=\"C. Dolors Aleu, 27, 33, 08908 L&#039;Hospitalet de Llobregat, Barcelona\"\n\t\t\t><\/iframe>\n\t\t<\/div>\n\t\t\t\t\t\t<\/div>\n\t\t\t\t<\/div>\n\t\t\t\t<div class=\"elementor-element elementor-element-fe6e4c1 elementor-widget-divider--view-line elementor-widget elementor-widget-divider\" data-id=\"fe6e4c1\" data-element_type=\"widget\" data-e-type=\"widget\" data-widget_type=\"divider.default\">\n\t\t\t\t<div class=\"elementor-widget-container\">\n\t\t\t\t\t\t\t<div class=\"elementor-divider\">\n\t\t\t<span class=\"elementor-divider-separator\">\n\t\t\t\t\t\t<\/span>\n\t\t<\/div>\n\t\t\t\t\t\t<\/div>\n\t\t\t\t<\/div>\n\t\t\t\t<div class=\"elementor-element elementor-element-179fdcd elementor-mobile-align-center elementor-align-start elementor-icon-list--layout-traditional elementor-list-item-link-full_width elementor-widget elementor-widget-icon-list\" data-id=\"179fdcd\" data-element_type=\"widget\" data-e-type=\"widget\" data-widget_type=\"icon-list.default\">\n\t\t\t\t<div class=\"elementor-widget-container\">\n\t\t\t\t\t\t\t<ul class=\"elementor-icon-list-items\">\n\t\t\t\t\t\t\t<li class=\"elementor-icon-list-item\">\n\t\t\t\t\t\t\t\t\t\t\t<a href=\"tel:932236391\">\n\n\t\t\t\t\t\t\t\t\t\t\t\t<span class=\"elementor-icon-list-icon\">\n\t\t\t\t\t\t\t<i aria-hidden=\"true\" class=\"fas fa-location-arrow\"><\/i>\t\t\t\t\t\t<\/span>\n\t\t\t\t\t\t\t\t\t\t<span class=\"elementor-icon-list-text\">C. Dolors Aleu, 27-33, 08908 L\u2019Hospitalet de Llobregat<\/span>\n\t\t\t\t\t\t\t\t\t\t\t<\/a>\n\t\t\t\t\t\t\t\t\t<\/li>\n\t\t\t\t\t\t\t\t<li class=\"elementor-icon-list-item\">\n\t\t\t\t\t\t\t\t\t\t\t<a href=\"\">\n\n\t\t\t\t\t\t\t\t\t\t\t\t<span class=\"elementor-icon-list-icon\">\n\t\t\t\t\t\t\t<i aria-hidden=\"true\" class=\"fas fa-phone\"><\/i>\t\t\t\t\t\t<\/span>\n\t\t\t\t\t\t\t\t\t\t<span class=\"elementor-icon-list-text\">93 223 63 91<\/span>\n\t\t\t\t\t\t\t\t\t\t\t<\/a>\n\t\t\t\t\t\t\t\t\t<\/li>\n\t\t\t\t\t\t\t\t<li class=\"elementor-icon-list-item\">\n\t\t\t\t\t\t\t\t\t\t\t<a href=\"mailto:asproseat@asproseat.org\">\n\n\t\t\t\t\t\t\t\t\t\t\t\t<span class=\"elementor-icon-list-icon\">\n\t\t\t\t\t\t\t<i aria-hidden=\"true\" class=\"far fa-envelope\"><\/i>\t\t\t\t\t\t<\/span>\n\t\t\t\t\t\t\t\t\t\t<span class=\"elementor-icon-list-text\">asproseat@asproseat.org<\/span>\n\t\t\t\t\t\t\t\t\t\t\t<\/a>\n\t\t\t\t\t\t\t\t\t<\/li>\n\t\t\t\t\t\t<\/ul>\n\t\t\t\t\t\t<\/div>\n\t\t\t\t<\/div>\n\t\t\t\t<div class=\"elementor-element elementor-element-d99837a elementor-align-center elementor-widget elementor-widget-button\" data-id=\"d99837a\" data-element_type=\"widget\" data-e-type=\"widget\" data-widget_type=\"button.default\">\n\t\t\t\t<div class=\"elementor-widget-container\">\n\t\t\t\t\t\t\t\t\t<div class=\"elementor-button-wrapper\">\n\t\t\t\t\t<a class=\"elementor-button elementor-button-link elementor-size-sm\" href=\"https:\/\/asproseat.org\/es\/centros\/\" target=\"_blank\">\n\t\t\t\t\t\t<span class=\"elementor-button-content-wrapper\">\n\t\t\t\t\t\t<span class=\"elementor-button-icon\">\n\t\t\t\t<i aria-hidden=\"true\" class=\"fas fa-phone-alt\"><\/i>\t\t\t<\/span>\n\t\t\t\t\t\t\t\t\t<span class=\"elementor-button-text\">Contacta con el resto de centros<\/span>\n\t\t\t\t\t<\/span>\n\t\t\t\t\t<\/a>\n\t\t\t\t<\/div>\n\t\t\t\t\t\t\t\t<\/div>\n\t\t\t\t<\/div>\n\t\t\t\t\t<\/div>\n\t\t<\/div>\n\t\t\t\t\t<\/div>\n\t\t<\/section>\n\t\t\t\t<section class=\"elementor-section elementor-top-section elementor-element elementor-element-553e72d elementor-section-full_width elementor-section-height-default elementor-section-height-default\" data-id=\"553e72d\" data-element_type=\"section\" data-e-type=\"section\" id=\"directori\">\n\t\t\t\t\t\t<div class=\"elementor-container elementor-column-gap-default\">\n\t\t\t\t\t<div class=\"elementor-column elementor-col-100 elementor-top-column elementor-element elementor-element-c7cdfe5\" data-id=\"c7cdfe5\" data-element_type=\"column\" data-e-type=\"column\">\n\t\t\t<div class=\"elementor-widget-wrap elementor-element-populated\">\n\t\t\t\t\t\t<div class=\"elementor-element elementor-element-7d09ad0 elementor-widget elementor-widget-html\" data-id=\"7d09ad0\" data-element_type=\"widget\" data-e-type=\"widget\" data-widget_type=\"html.default\">\n\t\t\t\t<div class=\"elementor-widget-container\">\n\t\t\t\t\t<iframe src=\"https:\/\/www.google.com\/maps\/d\/embed?mid=1FgFtin3d-yub3A0v8SZPmaz7FGQlq0e4&hl=ca\" width=\"100%\" height=\"480\"><\/iframe>\t\t\t\t<\/div>\n\t\t\t\t<\/div>\n\t\t\t\t\t<\/div>\n\t\t<\/div>\n\t\t\t\t\t<\/div>\n\t\t<\/section>\n\t\t\t\t<\/div>\n\t\t","protected":false},"excerpt":{"rendered":"<p>\u00a1Cont\u00e1ctanos! Para cualquier otra informaci\u00f3n, contacta con nosotros enviando un formulario \u00bfEn qu\u00e9 te podemos ayudar? Sede central C. Dolors Aleu, 27-33, 08908 L\u2019Hospitalet de Llobregat 93 223 63 91 asproseat@asproseat.org Contacta con el resto de centros<\/p>\n","protected":false},"author":1,"featured_media":0,"parent":0,"menu_order":0,"comment_status":"closed","ping_status":"closed","template":"elementor_header_footer","meta":{"footnotes":""},"class_list":["post-20284","page","type-page","status-publish","hentry"],"yoast_head":"<!-- This site is optimized with the Yoast SEO plugin v27.5 - https:\/\/yoast.com\/product\/yoast-seo-wordpress\/ -->\n<title>Contacto - Asproseat<\/title>\n<meta name=\"description\" content=\"Asproseat, entidad dedicada al bienestar de personas con discapacidad intelectual en Barcelona \u00bfEn qu\u00e9 te podemos ayudar? \u00a1Cont\u00e1ctanos aqu\u00ed!\" \/>\n<meta name=\"robots\" content=\"index, follow, max-snippet:-1, max-image-preview:large, max-video-preview:-1\" \/>\n<link rel=\"canonical\" href=\"https:\/\/asproseat.org\/contacte\/\" \/>\n<meta property=\"og:locale\" content=\"es_ES\" \/>\n<meta property=\"og:type\" content=\"article\" \/>\n<meta property=\"og:title\" content=\"Contacto - Asproseat\" \/>\n<meta property=\"og:description\" content=\"Asproseat, entidad dedicada al bienestar de personas con discapacidad intelectual en Barcelona \u00bfEn qu\u00e9 te podemos ayudar? \u00a1Cont\u00e1ctanos aqu\u00ed!\" \/>\n<meta property=\"og:url\" content=\"https:\/\/asproseat.org\/contacte\/\" \/>\n<meta property=\"og:site_name\" content=\"Asproseat\" \/>\n<meta property=\"article:modified_time\" content=\"2024-02-19T15:42:30+00:00\" \/>\n<meta name=\"twitter:card\" content=\"summary_large_image\" \/>\n<script type=\"application\/ld+json\" class=\"yoast-schema-graph\">{\"@context\":\"https:\\\/\\\/schema.org\",\"@graph\":[{\"@type\":\"WebPage\",\"@id\":\"https:\\\/\\\/asproseat.org\\\/contacte\\\/\",\"url\":\"https:\\\/\\\/asproseat.org\\\/contacte\\\/\",\"name\":\"Contacto - Asproseat\",\"isPartOf\":{\"@id\":\"https:\\\/\\\/asproseat.org\\\/#website\"},\"datePublished\":\"2021-04-28T02:07:00+00:00\",\"dateModified\":\"2024-02-19T15:42:30+00:00\",\"description\":\"Asproseat, entidad dedicada al bienestar de personas con discapacidad intelectual en Barcelona \u00bfEn qu\u00e9 te podemos ayudar? \u00a1Cont\u00e1ctanos aqu\u00ed!\",\"breadcrumb\":{\"@id\":\"https:\\\/\\\/asproseat.org\\\/contacte\\\/#breadcrumb\"},\"inLanguage\":\"ES\",\"potentialAction\":[{\"@type\":\"ReadAction\",\"target\":[\"https:\\\/\\\/asproseat.org\\\/contacte\\\/\"]}]},{\"@type\":\"BreadcrumbList\",\"@id\":\"https:\\\/\\\/asproseat.org\\\/contacte\\\/#breadcrumb\",\"itemListElement\":[{\"@type\":\"ListItem\",\"position\":1,\"name\":\"Inici\",\"item\":\"https:\\\/\\\/asproseat.org\\\/\"},{\"@type\":\"ListItem\",\"position\":2,\"name\":\"Contacto\"}]},{\"@type\":\"WebSite\",\"@id\":\"https:\\\/\\\/asproseat.org\\\/#website\",\"url\":\"https:\\\/\\\/asproseat.org\\\/\",\"name\":\"Asproseat\",\"description\":\"Serveis a persones amb discapacitat\",\"publisher\":{\"@id\":\"https:\\\/\\\/asproseat.org\\\/#organization\"},\"potentialAction\":[{\"@type\":\"SearchAction\",\"target\":{\"@type\":\"EntryPoint\",\"urlTemplate\":\"https:\\\/\\\/asproseat.org\\\/?s={search_term_string}\"},\"query-input\":{\"@type\":\"PropertyValueSpecification\",\"valueRequired\":true,\"valueName\":\"search_term_string\"}}],\"inLanguage\":\"ES\"},{\"@type\":\"Organization\",\"@id\":\"https:\\\/\\\/asproseat.org\\\/#organization\",\"name\":\"Asproseat\",\"url\":\"https:\\\/\\\/asproseat.org\\\/\",\"logo\":{\"@type\":\"ImageObject\",\"inLanguage\":\"ES\",\"@id\":\"https:\\\/\\\/asproseat.org\\\/#\\\/schema\\\/logo\\\/image\\\/\",\"url\":\"https:\\\/\\\/asproseat.org\\\/wp-content\\\/uploads\\\/2021\\\/08\\\/cropped-asproseat-logo-white2-1.png\",\"contentUrl\":\"https:\\\/\\\/asproseat.org\\\/wp-content\\\/uploads\\\/2021\\\/08\\\/cropped-asproseat-logo-white2-1.png\",\"width\":300,\"height\":79,\"caption\":\"Asproseat\"},\"image\":{\"@id\":\"https:\\\/\\\/asproseat.org\\\/#\\\/schema\\\/logo\\\/image\\\/\"}}]}<\/script>\n<!-- \/ Yoast SEO plugin. -->","yoast_head_json":{"title":"Contacto - Asproseat","description":"Asproseat, entidad dedicada al bienestar de personas con discapacidad intelectual en Barcelona \u00bfEn qu\u00e9 te podemos ayudar? \u00a1Cont\u00e1ctanos aqu\u00ed!","robots":{"index":"index","follow":"follow","max-snippet":"max-snippet:-1","max-image-preview":"max-image-preview:large","max-video-preview":"max-video-preview:-1"},"canonical":"https:\/\/asproseat.org\/contacte\/","og_locale":"es_ES","og_type":"article","og_title":"Contacto - Asproseat","og_description":"Asproseat, entidad dedicada al bienestar de personas con discapacidad intelectual en Barcelona \u00bfEn qu\u00e9 te podemos ayudar? \u00a1Cont\u00e1ctanos aqu\u00ed!","og_url":"https:\/\/asproseat.org\/contacte\/","og_site_name":"Asproseat","article_modified_time":"2024-02-19T15:42:30+00:00","twitter_card":"summary_large_image","schema":{"@context":"https:\/\/schema.org","@graph":[{"@type":"WebPage","@id":"https:\/\/asproseat.org\/contacte\/","url":"https:\/\/asproseat.org\/contacte\/","name":"Contacto - Asproseat","isPartOf":{"@id":"https:\/\/asproseat.org\/#website"},"datePublished":"2021-04-28T02:07:00+00:00","dateModified":"2024-02-19T15:42:30+00:00","description":"Asproseat, entidad dedicada al bienestar de personas con discapacidad intelectual en Barcelona \u00bfEn qu\u00e9 te podemos ayudar? \u00a1Cont\u00e1ctanos aqu\u00ed!","breadcrumb":{"@id":"https:\/\/asproseat.org\/contacte\/#breadcrumb"},"inLanguage":"ES","potentialAction":[{"@type":"ReadAction","target":["https:\/\/asproseat.org\/contacte\/"]}]},{"@type":"BreadcrumbList","@id":"https:\/\/asproseat.org\/contacte\/#breadcrumb","itemListElement":[{"@type":"ListItem","position":1,"name":"Inici","item":"https:\/\/asproseat.org\/"},{"@type":"ListItem","position":2,"name":"Contacto"}]},{"@type":"WebSite","@id":"https:\/\/asproseat.org\/#website","url":"https:\/\/asproseat.org\/","name":"Asproseat","description":"Serveis a persones amb discapacitat","publisher":{"@id":"https:\/\/asproseat.org\/#organization"},"potentialAction":[{"@type":"SearchAction","target":{"@type":"EntryPoint","urlTemplate":"https:\/\/asproseat.org\/?s={search_term_string}"},"query-input":{"@type":"PropertyValueSpecification","valueRequired":true,"valueName":"search_term_string"}}],"inLanguage":"ES"},{"@type":"Organization","@id":"https:\/\/asproseat.org\/#organization","name":"Asproseat","url":"https:\/\/asproseat.org\/","logo":{"@type":"ImageObject","inLanguage":"ES","@id":"https:\/\/asproseat.org\/#\/schema\/logo\/image\/","url":"https:\/\/asproseat.org\/wp-content\/uploads\/2021\/08\/cropped-asproseat-logo-white2-1.png","contentUrl":"https:\/\/asproseat.org\/wp-content\/uploads\/2021\/08\/cropped-asproseat-logo-white2-1.png","width":300,"height":79,"caption":"Asproseat"},"image":{"@id":"https:\/\/asproseat.org\/#\/schema\/logo\/image\/"}}]}},"_links":{"self":[{"href":"https:\/\/asproseat.org\/es\/wp-json\/wp\/v2\/pages\/20284","targetHints":{"allow":["GET"]}}],"collection":[{"href":"https:\/\/asproseat.org\/es\/wp-json\/wp\/v2\/pages"}],"about":[{"href":"https:\/\/asproseat.org\/es\/wp-json\/wp\/v2\/types\/page"}],"author":[{"embeddable":true,"href":"https:\/\/asproseat.org\/es\/wp-json\/wp\/v2\/users\/1"}],"replies":[{"embeddable":true,"href":"https:\/\/asproseat.org\/es\/wp-json\/wp\/v2\/comments?post=20284"}],"version-history":[{"count":9,"href":"https:\/\/asproseat.org\/es\/wp-json\/wp\/v2\/pages\/20284\/revisions"}],"predecessor-version":[{"id":31462,"href":"https:\/\/asproseat.org\/es\/wp-json\/wp\/v2\/pages\/20284\/revisions\/31462"}],"wp:attachment":[{"href":"https:\/\/asproseat.org\/es\/wp-json\/wp\/v2\/media?parent=20284"}],"curies":[{"name":"wp","href":"https:\/\/api.w.org\/{rel}","templated":true}]}}