{"id":20524,"date":"2021-09-08T14:50:37","date_gmt":"2021-09-08T14:50:37","guid":{"rendered":"https:\/\/www.acronim.net\/asproseat\/avis-legal\/"},"modified":"2024-03-13T16:58:25","modified_gmt":"2024-03-13T16:58:25","slug":"avis-legal","status":"publish","type":"page","link":"https:\/\/asproseat.org\/es\/avis-legal\/","title":{"rendered":"Aviso legal"},"content":{"rendered":"\t\t<div data-elementor-type=\"wp-page\" data-elementor-id=\"20524\" class=\"elementor elementor-20524 elementor-1517\" data-elementor-post-type=\"page\">\n\t\t\t\t\t\t<section class=\"elementor-section elementor-top-section elementor-element elementor-element-ab49070 elementor-section-boxed elementor-section-height-default elementor-section-height-default\" data-id=\"ab49070\" data-element_type=\"section\" data-e-type=\"section\" data-settings=\"{&quot;background_background&quot;:&quot;classic&quot;}\">\n\t\t\t\t\t\t\t<div class=\"elementor-background-overlay\"><\/div>\n\t\t\t\t\t\t\t<div class=\"elementor-container elementor-column-gap-default\">\n\t\t\t\t\t<div class=\"elementor-column elementor-col-100 elementor-top-column elementor-element elementor-element-04cc6fb\" data-id=\"04cc6fb\" data-element_type=\"column\" data-e-type=\"column\">\n\t\t\t<div class=\"elementor-widget-wrap elementor-element-populated\">\n\t\t\t\t\t\t<div class=\"elementor-element elementor-element-45e1fdd animated-fast elementor-invisible elementor-widget elementor-widget-heading\" data-id=\"45e1fdd\" data-element_type=\"widget\" data-e-type=\"widget\" data-settings=\"{&quot;_animation&quot;:&quot;slideInRight&quot;}\" data-widget_type=\"heading.default\">\n\t\t\t\t<div class=\"elementor-widget-container\">\n\t\t\t\t\t<h1 class=\"elementor-heading-title elementor-size-default\">Aviso legal<\/h1>\t\t\t\t<\/div>\n\t\t\t\t<\/div>\n\t\t\t\t<div class=\"elementor-element elementor-element-17c5eea elementor-widget-divider--view-line elementor-widget elementor-widget-divider\" data-id=\"17c5eea\" data-element_type=\"widget\" data-e-type=\"widget\" data-widget_type=\"divider.default\">\n\t\t\t\t<div class=\"elementor-widget-container\">\n\t\t\t\t\t\t\t<div class=\"elementor-divider\">\n\t\t\t<span class=\"elementor-divider-separator\">\n\t\t\t\t\t\t<\/span>\n\t\t<\/div>\n\t\t\t\t\t\t<\/div>\n\t\t\t\t<\/div>\n\t\t\t\t\t<\/div>\n\t\t<\/div>\n\t\t\t\t\t<\/div>\n\t\t<\/section>\n\t\t\t\t<section class=\"elementor-section elementor-top-section elementor-element elementor-element-13925d7 elementor-section-boxed elementor-section-height-default elementor-section-height-default\" data-id=\"13925d7\" data-element_type=\"section\" data-e-type=\"section\">\n\t\t\t\t\t\t\t<div class=\"elementor-background-overlay\"><\/div>\n\t\t\t\t\t\t\t<div class=\"elementor-container elementor-column-gap-default\">\n\t\t\t\t\t<div class=\"elementor-column elementor-col-100 elementor-top-column elementor-element elementor-element-a88a10d\" data-id=\"a88a10d\" data-element_type=\"column\" data-e-type=\"column\" data-settings=\"{&quot;background_background&quot;:&quot;classic&quot;}\">\n\t\t\t<div class=\"elementor-widget-wrap elementor-element-populated\">\n\t\t\t\t\t\t<div class=\"elementor-element elementor-element-d58f7f5 elementor-widget elementor-widget-heading\" data-id=\"d58f7f5\" data-element_type=\"widget\" data-e-type=\"widget\" data-widget_type=\"heading.default\">\n\t\t\t\t<div class=\"elementor-widget-container\">\n\t\t\t\t\t<h2 class=\"elementor-heading-title elementor-size-default\">Aviso Legal<\/h2>\t\t\t\t<\/div>\n\t\t\t\t<\/div>\n\t\t\t\t<div class=\"elementor-element elementor-element-9767cc7 elementor-widget elementor-widget-text-editor\" data-id=\"9767cc7\" data-element_type=\"widget\" data-e-type=\"widget\" data-widget_type=\"text-editor.default\">\n\t\t\t\t<div class=\"elementor-widget-container\">\n\t\t\t\t\t\t\t\t\t<p><strong>1. IDENTIFICACI\u00d3N DEL SITIO WEB<\/strong><\/p>\n<p>En cumplimiento de lo dispuesto en el art\u00edculo 10 de la Ley 34\/2002, de 11 de julio, de Servicios de la Sociedad de la Informaci\u00f3n y de Comercio Electr\u00f3nico (LSSICE), ponemos a su disposici\u00f3n la &#8220;informaci\u00f3n general&#8221;, que comprende los datos identificativos de la entidad titular de este SITIO WEB;<\/p>\n<p>Denominaci\u00f3n Social: <strong>Asociaci\u00f3n Promotora de Servicios Especiales y Atenciones Terap\u00e9uticas <\/strong><\/p>\n<ul>\n<li><strong>Nombre Comercial: <\/strong>ASPROSEAT GRUP<\/li>\n<li><strong>Domicilio de Contacto:<\/strong> Calle Dolors Aleu, 27-33, 08908 L&#8217;Hospitalet de Llobregat (Barcelona)<\/li>\n<li><strong>Domicilio Social: <\/strong>Calle Joan Batllori, 2 \u2013 2\u00ba \u2013 1\u00ba, 08980, Sant Feliu de Llobregat (Barcelona)<\/li>\n<li><strong>CIF: <\/strong>G08692410<\/li>\n<li><strong>Tel\u00e9fono <\/strong>: <a href=\"tel:932236391\">932236391<\/a><\/li>\n<li><strong>E-mail:<\/strong> <a href=\"mailto:asproseat@asproseat.org\"><span style=\"text-decoration: underline;\">asproseat@asproseat.org<\/span><\/a><\/li>\n<li><strong>Nombre del domini:<\/strong> <a href=\"http:\/\/www.asproseat.org\"><span style=\"text-decoration: underline;\">www.asproseat.org<\/span><\/a><\/li>\n<li><strong>Inscrita<\/strong>: Registro de Asociaciones de la Direcci\u00f3n General de Derecho y Entidades Jur\u00eddicas del Departamento de Justicia de la Generalidad de Catalu\u00f1a con el n\u00fam. 4241, secci\u00f3n 1\u00aa. La sede social es C\/Mec\u00e1nica 6-8, bjs. de Barcelona (08038) y N.I.F. G-08692410. Asproseat act\u00faa como entidad cabecera de Asproseat grup.<\/li>\n<\/ul>\n<p><b>CONDICIONES DE USO DEL SITIO WEB<\/b><\/p>\n<p><strong>2. ATRIBUCI\u00d3N CONDICI\u00d3N DE USUARIO DEL SITIO WEB<\/strong><\/p>\n<p>La utilizaci\u00f3n de <a href=\"http:\/\/www.asproseat.org\">www.asproseat.org<\/a> (en adelante, el &#8220;SITIO WEB&#8221;) atribuye la condici\u00f3n de usuario del sitio web e implica la aceptaci\u00f3n plena y sin reservas de todas y cada una de las disposiciones incluidas en este Aviso Legal en la versi\u00f3n publicada por <strong>ASPROSEAT GRUP<\/strong> en el momento mismo en que el usuario acceda al SITIO WEB. En consecuencia, el usuario debe leer atentamente las presentes condiciones en cada una de las ocasiones en las que se proponga utilizar el SITIO WEB, ya que pueden sufrir modificaciones.<\/p>\n<p><strong>ASPROSEAT GRUP<\/strong> se reserva el derecho de modificar las condiciones de uso del SITIO WEB, siendo obligaci\u00f3n del Usuario revisar peri\u00f3dicamente las presentes condiciones.<\/p>\n<p><strong>3. OBJECTO<\/strong><\/p>\n<p>Las presentes condiciones de uso pretenden regular el acceso de los usuarios y la navegaci\u00f3n posterior por el SITIO WEB. Asimismo, estas condiciones regulan la relaci\u00f3n entre los usuarios y ASPROSEAT GRUPO cuando los primeros hagan uso del SITIO WEB ofrecido por <strong>ASPROSEAT GRUP<\/strong> con cualquier tipo de finalidad.<\/p>\n<p><strong>4. OBLIGACIONES DE LOS USUARIOS<\/strong><\/p>\n<p><strong>Acceso y utilizaci\u00f3n del SITIO WEB:<\/strong><\/p>\n<p>La visita y consulta de informaci\u00f3n del SITIO WEB tiene car\u00e1cter gratuito para todos los Usuarios.<\/p>\n<p><strong>Obligaci\u00f3n de hacer un uso correcto de los Contenidos:<\/strong><\/p>\n<p>El Usuario se compromete a utilizar los contenidos puestos a disposici\u00f3n de los Usuarios en el SITIO WEB y, entendiendo por \u00e9stos, sin que esta enumeraci\u00f3n tenga car\u00e1cter limitativo, los textos, fotograf\u00edas, gr\u00e1ficos, im\u00e1genes, iconos, tecnolog\u00eda, software, enlaces y otros contenidos audiovisuales o sonoros, as\u00ed como su dise\u00f1o gr\u00e1fico y c\u00f3digos fuente (en adelante, los &#8220;Contenidos&#8221;), de acuerdo con la ley, el presente Aviso Legal (condiciones de uso) y otros avisos, reglamentos de uso e instrucciones puestos en su conocimiento, as\u00ed como con la moral y las buenas costumbres generalmente aceptadas y el orden p\u00fablico.<\/p>\n<p><strong>5. PROPIEDAD INTELECTUAL<\/strong><\/p>\n<p><strong>ASPROSEAT GRUP<\/strong> es titular de los derechos de propiedad intelectual e industrial, o ha obtenido las autorizaciones o licencias correspondientes para su explotaci\u00f3n, sobre el nombre de dominio, las marcas y signos distintivos, la informaci\u00f3n y dem\u00e1s obras e invenciones relacionadas con el SITIO WEB y la tecnolog\u00eda asociada al mismo, as\u00ed como sobre sus contenidos.<\/p>\n<p>Los contenidos de este SITIO WEB, incluyendo dise\u00f1os, aplicaciones, texto, im\u00e1genes y c\u00f3digo fuente, est\u00e1n protegidos por derechos de propiedad intelectual e industrial.<\/p>\n<p>De ninguna forma se podr\u00e1 utilizar, reproducir, copiar o transmitir de ninguna manera sin el permiso previo, escrito y expl\u00edcito de<strong>ASPROSEAT GRUP<\/strong>.<\/p>\n<p>El Usuario deber\u00e1 abstenerse de aportar contenidos que hayan sido obtenidos de forma il\u00edcita o protegidos por derechos de propiedad intelectual (copyright) sin la autorizaci\u00f3n expresa de los autores originales o propietarios de dichos derechos. En todo caso, responder\u00e1 el usuario y no <strong>ASPROSEAT GRUP<\/strong> de las posibles reclamaciones econ\u00f3micas o de cualquier tipo que pudieran dirigirse a <strong>ASPROSEAT GRUP<\/strong> por estos hechos en reclamaci\u00f3n de los citados derechos de propiedad intelectual.<\/p>\n<p>En caso de que un Usuario o un tercero considere que existen hechos o circunstancias que revelan el car\u00e1cter indebido de la utilizaci\u00f3n de cualquier contenido y\/o de la realizaci\u00f3n de cualquier actividad en las p\u00e1ginas web incluidas o accesibles a trav\u00e9s del SITIO WEB y, en particular, de la violaci\u00f3n de derechos de propiedad intelectual o industrial (patentes, modelos y dibujos industriales, marcas y nombres comerciales, etc.), el incumplimiento de los deberes y obligaciones previstos en estas condiciones o la vulneraci\u00f3n de otros derechos , deber\u00e1 enviar un correo electr\u00f3nico a <a href=\"mailto:asproseat@asproseat.org\"><span style=\"text-decoration: underline;\">asproseat@asproseat.org<\/span><\/a>informando a <strong>ASPROSEAT GRUP<\/strong> y en el que contengan los siguientes extremos:<\/p>\n<p>(a) Datos personales del reclamante: nombre, direcci\u00f3n, n\u00famero de tel\u00e9fono y direcci\u00f3n de correo electr\u00f3nico;<br \/>(b) Especificaci\u00f3n de la supuesta actividad il\u00edcita realizada en el SITIO WEB y, en particular, cuando se trate de una supuesta violaci\u00f3n de derechos, indicaci\u00f3n precisa y concreta de los contenidos protegidos, as\u00ed como de su localizaci\u00f3n en las p\u00e1ginas web ;<br \/>(c) Hechos o circunstancias que revelan el car\u00e1cter il\u00edcito de esta actividad;<br \/>(d) En el supuesto de violaci\u00f3n de derechos, con los datos personales del titular de los derechos supuestamente infringidos.<br \/>(e) Declaraci\u00f3n expresa, clara y bajo la responsabilidad del reclamante de que la informaci\u00f3n proporcionada en la notificaci\u00f3n es exacta y del car\u00e1cter indebido de la utilizaci\u00f3n de los contenidos o de la realizaci\u00f3n de las actividades descritas.<\/p>\n<p><strong>ASPROSEAT GRUP<\/strong> proceder\u00e1 de inmediato a adoptar las medidas para la subsanaci\u00f3n o eliminaci\u00f3n, en su caso, de los citados datos o contenidos.<\/p>\n<p>Todos los servicios de uso del software est\u00e1n protegidos por leyes de copyright y tratados internacionales de copyright, as\u00ed como otras leyes y tratados de car\u00e1cter intelectual. Todos los derechos de t\u00edtulo y de propiedad intelectual en el contenido que se accede por medio del uso del SITIO WEB es propiedad de <strong>ASPROSEAT GRUP<\/strong> o del respectivo propietario y tambi\u00e9n est\u00e1n protegidos por copyright y otras leyes de propiedad intelectual.<\/p>\n<p><strong>6. PROTECCI\u00d3N DE DATOS PERSONALES Y CONFIDENCIALIDAD<\/strong><\/p>\n<p>En cumplimiento de lo dispuesto en la normativa de protecci\u00f3n de datos, <strong>ASPROSEAT GRUP<\/strong>, como responsable del tratamiento, le informa que los datos de car\u00e1cter personal que nos proporcione durante su navegaci\u00f3n por el SITIO WEB y\/o mediante la cumplimentaci\u00f3n de formularios situados en \u00e9ste, s\u00f3lo se utilizar\u00e1n para gestionar el mantenimiento del SITIO WEB, ofrecer -le un servicio \u00f3ptimo y de calidad, mejorar la experiencia del usuario y realizar tareas administrativas relacionadas con los servicios y actividades que ofrecemos mediante el SITIO WEB.<\/p>\n<p><strong>ASPROSEAT GRUP<\/strong> garantiza la confidencialidad y seguridad de sus datos de car\u00e1cter personal cuando \u00e9stos son objeto de tratamiento en la medida en que tiene implantadas las pol\u00edticas de tratamiento y medidas de seguridad a que se refiere la normativa de privacidad. Las pol\u00edticas de tratamiento y medidas de seguridad implantadas en <strong>ASPROSEAT GRUP<\/strong> evitan la alteraci\u00f3n, p\u00e9rdida, tratamiento o uso no autorizado de sus datos de car\u00e1cter personal.<\/p>\n<p>Toda la informaci\u00f3n que facilite el usuario a trav\u00e9s de los formularios del WEBSITE deber\u00e1 ser veraz. Usted nos autoriza a que pasen a formar parte de un archivo del que es responsable <strong>ASPROSEAT GRUP<\/strong> ante el que podr\u00e1 ejercitar sus derechos, ya que sea utilizada para mantener la relaci\u00f3n comercial y recibir informaci\u00f3n y publicidad de nuestra empresa.<\/p>\n<p>A tal efecto, el usuario garantiza la autenticidad de todos aquellos datos que comunique a consecuencia de la cumplimentaci\u00f3n de los formularios. De igual forma, ser\u00e1 responsabilidad del usuario mantener toda la informaci\u00f3n facilitada <strong>ASPROSEAT GRUP<\/strong> permanentemente actualizada de forma que responda, en todo momento, a la situaci\u00f3n real del usuario. El usuario ser\u00e1 el \u00fanico responsable de las manifestaciones falsas o inexactas que realice y de los perjuicios que cause a <strong>ASPROSEAT GRUP<\/strong> o a terceros por la informaci\u00f3n que facilite.<\/p>\n<p>Podr\u00e1 ejercer sus derechos de acceso, rectificaci\u00f3n, supresi\u00f3n, limitaci\u00f3n, portabilidad y oposici\u00f3n dirigi\u00e9ndose a <strong>ASPROSEAT GRUP<\/strong> enviando un correo electr\u00f3nico a <a href=\"mailto:rgpd@asproseat.org\"><span style=\"text-decoration: underline;\">rgpd@asproseat.org<\/span><\/a> indicando en el asunto \u201cEjercicio de derechos LOPDGDD\u201d y el siguiente contenido:<\/p>\n<ul>\n<li>Su nombre y apellidos o nombre de usuario<\/li>\n<li>DNI\/NIE<\/li>\n<li>Correo electr\u00f3nico<\/li>\n<li>Derecho que quiere ejercer<\/li>\n<li>Informaci\u00f3n sobre la que desea tener acceso, rectificar, suprimir, limitar el tratamiento o ejercer su derecho de portabilidad<\/li>\n<\/ul>\n<p>Para m\u00e1s informaci\u00f3n sobre nuestra pol\u00edtica de protecci\u00f3n de datos consulte la nuestra \u201c<a href=\"https:\/\/asproseat.org\/es\/politica-de-privacidad\/\">Pol\u00edtica de Privacidad<\/a> y <a href=\"https:\/\/asproseat.org\/es\/politica-de-cookies\/\">Pol\u00edtica de Cookies<\/a>\u201d<\/p>\n<p><strong>7. LIMITACIONES DE RESPONSABILIDAD<\/strong><\/p>\n<p><strong>ASPROSEAT GRUP<\/strong> no garantiza la disponibilidad y continuidad del funcionamiento de los servicios del SITIO WEB. Cuando esto sea razonablemente posible, advertir\u00e1 previamente de las interrupciones en el funcionamiento de los mismos. <strong>ASPROSEAT GRUP<\/strong> tampoco garantiza la utilidad de los servicios del SITIO WEB para la realizaci\u00f3n de ninguna actividad en concreto, ni su infalibilidad y, en particular, aunque no de forma exclusiva, no garantiza que los usuarios puedan efectivamente utilizar los mismos, acceder en las diferentes p\u00e1ginas web que forman el SITIO WEB o aquellas desde las que se prestan los servicios.<\/p>\n<p>Si usted se siente perjudicado por la difusi\u00f3n en nuestro WEBSITE de v\u00eddeos o im\u00e1genes, puede remitirnos un email a <a href=\"mailto:asproseat@asproseat.org\"><span style=\"text-decoration: underline;\">asproseat@asproseat.org<\/span><\/a> y estudiaremos su reclamaci\u00f3n y posibilidad de retirar el material de nuestro WEBSITE.<\/p>\n<p><strong>ASPROSEAT GRUP<\/strong> no garantiza la veracidad, exactitud, exhaustividad y actualidad de los contenidos de su WEBSITE generados por empleados de <strong>ASPROSEAT GRUP<\/strong> o por los usuarios del WEBSITE al publicar sus opiniones en este WEBSITE.<\/p>\n<p>Respecto a los enlaces externos: el WEBSITE puede contener enlaces a sitios web que no pertenecen, ni son controlados, editados o censurados por <strong>ASPROSEAT GRUP<\/strong>, por tanto, no asumimos ninguna responsabilidad por el contenido, pol\u00edticas de privacidad o pr\u00e1cticas de estos sitios web externos. La existencia de estos enlaces en la web no comporta, por parte de <strong>ASPROSEAT GRUP<\/strong>, la aprobaci\u00f3n de los productos, servicios, contenidos, informaci\u00f3n, datos, archivos y cualquier otra clase de material existente en tales sitios web y no controla ni se hace responsable de la calidad, licitud, fiabilidad y utilidad de la informaci\u00f3n y\/o contenidos y servicios existentes en los sitios.<\/p>\n<p><strong>ASPROSEAT GRUP<\/strong> se guardar\u00e1 el derecho a cambiar, modificar o a\u00f1adir cl\u00e1usulas sin notificaci\u00f3n previa, siempre que se hagan constar debidamente online en el presente documento.<\/p>\n<p><strong>8. LEGISLACI\u00d3N APLICABLE Y JURISDICCI\u00d3N COMPETENTE<\/strong><\/p>\n<p>Los t\u00e9rminos y el uso del WEBSITE de <strong>ASPROSEAT GRUP<\/strong> o cualquier servicio que ofrezca <strong>ASPROSEAT GRUP<\/strong> ser\u00e1n regidos e interpretados de acuerdo con las leyes espa\u00f1olas, y para cualquier controversia que se derive del uso de este servicio, las partes se someten expresamente a la Jurisdicci\u00f3n de los Tribunales de la ciudad de Barcelona.<\/p>\n\t\t\t\t\t\t\t\t<\/div>\n\t\t\t\t<\/div>\n\t\t\t\t<div class=\"elementor-element elementor-element-7137a56 elementor-widget elementor-widget-text-editor\" data-id=\"7137a56\" data-element_type=\"widget\" data-e-type=\"widget\" data-widget_type=\"text-editor.default\">\n\t\t\t\t<div class=\"elementor-widget-container\">\n\t\t\t\t\t\t\t\t\t<p>ASPROSEAT. Todos los derechos reservados.<\/p>\n<p>Fecha \u00faltima actualizaci\u00f3n: 10\/01\/2024<\/p>\n\t\t\t\t\t\t\t\t<\/div>\n\t\t\t\t<\/div>\n\t\t\t\t\t<\/div>\n\t\t<\/div>\n\t\t\t\t\t<\/div>\n\t\t<\/section>\n\t\t\t\t<section class=\"elementor-section elementor-top-section elementor-element elementor-element-d6fe8f6 elementor-section-boxed elementor-section-height-default elementor-section-height-default\" data-id=\"d6fe8f6\" data-element_type=\"section\" data-e-type=\"section\">\n\t\t\t\t\t\t<div class=\"elementor-container elementor-column-gap-default\">\n\t\t\t\t\t<div class=\"elementor-column elementor-col-100 elementor-top-column elementor-element elementor-element-14b377b\" data-id=\"14b377b\" data-element_type=\"column\" data-e-type=\"column\">\n\t\t\t<div class=\"elementor-widget-wrap\">\n\t\t\t\t\t\t\t<\/div>\n\t\t<\/div>\n\t\t\t\t\t<\/div>\n\t\t<\/section>\n\t\t\t\t<\/div>\n\t\t","protected":false},"excerpt":{"rendered":"<p>Aviso legal Aviso Legal 1. IDENTIFICACI\u00d3N DEL SITIO WEB En cumplimiento de lo dispuesto en el art\u00edculo 10 de la Ley 34\/2002, de 11 de julio, de Servicios de la Sociedad de la Informaci\u00f3n y de Comercio Electr\u00f3nico (LSSICE), ponemos a su disposici\u00f3n la &#8220;informaci\u00f3n general&#8221;, que comprende los datos identificativos de la entidad titular [&hellip;]<\/p>\n","protected":false},"author":3,"featured_media":0,"parent":0,"menu_order":0,"comment_status":"closed","ping_status":"closed","template":"","meta":{"footnotes":""},"class_list":["post-20524","page","type-page","status-publish","hentry"],"yoast_head":"<!-- This site is optimized with the Yoast SEO plugin v27.5 - https:\/\/yoast.com\/product\/yoast-seo-wordpress\/ -->\n<title>Aviso legal - Asproseat<\/title>\n<meta name=\"description\" content=\"Aviso legal Asproseat Grup, entidad que trabaja para personas con discapacidad. Sede social calle Mec\u00e1nica 6-8, bjs. de Barcelona (08038) y N.I.F. G-08692410.\" \/>\n<meta name=\"robots\" content=\"index, follow, max-snippet:-1, max-image-preview:large, max-video-preview:-1\" \/>\n<link rel=\"canonical\" href=\"https:\/\/asproseat.org\/es\/avis-legal\/\" \/>\n<meta property=\"og:locale\" content=\"es_ES\" \/>\n<meta property=\"og:type\" content=\"article\" \/>\n<meta property=\"og:title\" content=\"Aviso legal - Asproseat\" \/>\n<meta property=\"og:description\" content=\"Aviso legal Asproseat Grup, entidad que trabaja para personas con discapacidad. Sede social calle Mec\u00e1nica 6-8, bjs. de Barcelona (08038) y N.I.F. G-08692410.\" \/>\n<meta property=\"og:url\" content=\"https:\/\/asproseat.org\/es\/avis-legal\/\" \/>\n<meta property=\"og:site_name\" content=\"Asproseat\" \/>\n<meta property=\"article:modified_time\" content=\"2024-03-13T16:58:25+00:00\" \/>\n<meta name=\"twitter:card\" content=\"summary_large_image\" \/>\n<script type=\"application\/ld+json\" class=\"yoast-schema-graph\">{\"@context\":\"https:\\\/\\\/schema.org\",\"@graph\":[{\"@type\":\"WebPage\",\"@id\":\"https:\\\/\\\/asproseat.org\\\/es\\\/avis-legal\\\/\",\"url\":\"https:\\\/\\\/asproseat.org\\\/es\\\/avis-legal\\\/\",\"name\":\"Aviso legal - Asproseat\",\"isPartOf\":{\"@id\":\"https:\\\/\\\/asproseat.org\\\/#website\"},\"datePublished\":\"2021-09-08T14:50:37+00:00\",\"dateModified\":\"2024-03-13T16:58:25+00:00\",\"description\":\"Aviso legal Asproseat Grup, entidad que trabaja para personas con discapacidad. Sede social calle Mec\u00e1nica 6-8, bjs. de Barcelona (08038) y N.I.F. G-08692410.\",\"breadcrumb\":{\"@id\":\"https:\\\/\\\/asproseat.org\\\/es\\\/avis-legal\\\/#breadcrumb\"},\"inLanguage\":\"ES\",\"potentialAction\":[{\"@type\":\"ReadAction\",\"target\":[\"https:\\\/\\\/asproseat.org\\\/es\\\/avis-legal\\\/\"]}]},{\"@type\":\"BreadcrumbList\",\"@id\":\"https:\\\/\\\/asproseat.org\\\/es\\\/avis-legal\\\/#breadcrumb\",\"itemListElement\":[{\"@type\":\"ListItem\",\"position\":1,\"name\":\"Inici\",\"item\":\"https:\\\/\\\/asproseat.org\\\/\"},{\"@type\":\"ListItem\",\"position\":2,\"name\":\"Aviso legal\"}]},{\"@type\":\"WebSite\",\"@id\":\"https:\\\/\\\/asproseat.org\\\/#website\",\"url\":\"https:\\\/\\\/asproseat.org\\\/\",\"name\":\"Asproseat\",\"description\":\"Serveis a persones amb discapacitat\",\"publisher\":{\"@id\":\"https:\\\/\\\/asproseat.org\\\/#organization\"},\"potentialAction\":[{\"@type\":\"SearchAction\",\"target\":{\"@type\":\"EntryPoint\",\"urlTemplate\":\"https:\\\/\\\/asproseat.org\\\/?s={search_term_string}\"},\"query-input\":{\"@type\":\"PropertyValueSpecification\",\"valueRequired\":true,\"valueName\":\"search_term_string\"}}],\"inLanguage\":\"ES\"},{\"@type\":\"Organization\",\"@id\":\"https:\\\/\\\/asproseat.org\\\/#organization\",\"name\":\"Asproseat\",\"url\":\"https:\\\/\\\/asproseat.org\\\/\",\"logo\":{\"@type\":\"ImageObject\",\"inLanguage\":\"ES\",\"@id\":\"https:\\\/\\\/asproseat.org\\\/#\\\/schema\\\/logo\\\/image\\\/\",\"url\":\"https:\\\/\\\/asproseat.org\\\/wp-content\\\/uploads\\\/2021\\\/08\\\/cropped-asproseat-logo-white2-1.png\",\"contentUrl\":\"https:\\\/\\\/asproseat.org\\\/wp-content\\\/uploads\\\/2021\\\/08\\\/cropped-asproseat-logo-white2-1.png\",\"width\":300,\"height\":79,\"caption\":\"Asproseat\"},\"image\":{\"@id\":\"https:\\\/\\\/asproseat.org\\\/#\\\/schema\\\/logo\\\/image\\\/\"}}]}<\/script>\n<!-- \/ Yoast SEO plugin. -->","yoast_head_json":{"title":"Aviso legal - Asproseat","description":"Aviso legal Asproseat Grup, entidad que trabaja para personas con discapacidad. Sede social calle Mec\u00e1nica 6-8, bjs. de Barcelona (08038) y N.I.F. G-08692410.","robots":{"index":"index","follow":"follow","max-snippet":"max-snippet:-1","max-image-preview":"max-image-preview:large","max-video-preview":"max-video-preview:-1"},"canonical":"https:\/\/asproseat.org\/es\/avis-legal\/","og_locale":"es_ES","og_type":"article","og_title":"Aviso legal - Asproseat","og_description":"Aviso legal Asproseat Grup, entidad que trabaja para personas con discapacidad. Sede social calle Mec\u00e1nica 6-8, bjs. de Barcelona (08038) y N.I.F. G-08692410.","og_url":"https:\/\/asproseat.org\/es\/avis-legal\/","og_site_name":"Asproseat","article_modified_time":"2024-03-13T16:58:25+00:00","twitter_card":"summary_large_image","schema":{"@context":"https:\/\/schema.org","@graph":[{"@type":"WebPage","@id":"https:\/\/asproseat.org\/es\/avis-legal\/","url":"https:\/\/asproseat.org\/es\/avis-legal\/","name":"Aviso legal - Asproseat","isPartOf":{"@id":"https:\/\/asproseat.org\/#website"},"datePublished":"2021-09-08T14:50:37+00:00","dateModified":"2024-03-13T16:58:25+00:00","description":"Aviso legal Asproseat Grup, entidad que trabaja para personas con discapacidad. Sede social calle Mec\u00e1nica 6-8, bjs. de Barcelona (08038) y N.I.F. G-08692410.","breadcrumb":{"@id":"https:\/\/asproseat.org\/es\/avis-legal\/#breadcrumb"},"inLanguage":"ES","potentialAction":[{"@type":"ReadAction","target":["https:\/\/asproseat.org\/es\/avis-legal\/"]}]},{"@type":"BreadcrumbList","@id":"https:\/\/asproseat.org\/es\/avis-legal\/#breadcrumb","itemListElement":[{"@type":"ListItem","position":1,"name":"Inici","item":"https:\/\/asproseat.org\/"},{"@type":"ListItem","position":2,"name":"Aviso legal"}]},{"@type":"WebSite","@id":"https:\/\/asproseat.org\/#website","url":"https:\/\/asproseat.org\/","name":"Asproseat","description":"Serveis a persones amb discapacitat","publisher":{"@id":"https:\/\/asproseat.org\/#organization"},"potentialAction":[{"@type":"SearchAction","target":{"@type":"EntryPoint","urlTemplate":"https:\/\/asproseat.org\/?s={search_term_string}"},"query-input":{"@type":"PropertyValueSpecification","valueRequired":true,"valueName":"search_term_string"}}],"inLanguage":"ES"},{"@type":"Organization","@id":"https:\/\/asproseat.org\/#organization","name":"Asproseat","url":"https:\/\/asproseat.org\/","logo":{"@type":"ImageObject","inLanguage":"ES","@id":"https:\/\/asproseat.org\/#\/schema\/logo\/image\/","url":"https:\/\/asproseat.org\/wp-content\/uploads\/2021\/08\/cropped-asproseat-logo-white2-1.png","contentUrl":"https:\/\/asproseat.org\/wp-content\/uploads\/2021\/08\/cropped-asproseat-logo-white2-1.png","width":300,"height":79,"caption":"Asproseat"},"image":{"@id":"https:\/\/asproseat.org\/#\/schema\/logo\/image\/"}}]}},"_links":{"self":[{"href":"https:\/\/asproseat.org\/es\/wp-json\/wp\/v2\/pages\/20524","targetHints":{"allow":["GET"]}}],"collection":[{"href":"https:\/\/asproseat.org\/es\/wp-json\/wp\/v2\/pages"}],"about":[{"href":"https:\/\/asproseat.org\/es\/wp-json\/wp\/v2\/types\/page"}],"author":[{"embeddable":true,"href":"https:\/\/asproseat.org\/es\/wp-json\/wp\/v2\/users\/3"}],"replies":[{"embeddable":true,"href":"https:\/\/asproseat.org\/es\/wp-json\/wp\/v2\/comments?post=20524"}],"version-history":[{"count":8,"href":"https:\/\/asproseat.org\/es\/wp-json\/wp\/v2\/pages\/20524\/revisions"}],"predecessor-version":[{"id":31780,"href":"https:\/\/asproseat.org\/es\/wp-json\/wp\/v2\/pages\/20524\/revisions\/31780"}],"wp:attachment":[{"href":"https:\/\/asproseat.org\/es\/wp-json\/wp\/v2\/media?parent=20524"}],"curies":[{"name":"wp","href":"https:\/\/api.w.org\/{rel}","templated":true}]}}