{"id":38585,"date":"2026-02-24T12:44:47","date_gmt":"2026-02-24T12:44:47","guid":{"rendered":"https:\/\/asproseat.org\/espacio-de-vida\/"},"modified":"2026-02-24T12:44:48","modified_gmt":"2026-02-24T12:44:48","slug":"espacio-de-vida","status":"publish","type":"page","link":"https:\/\/asproseat.org\/es\/espacio-de-vida\/","title":{"rendered":"Espacio de vida"},"content":{"rendered":"\t\t<div data-elementor-type=\"wp-page\" data-elementor-id=\"38585\" class=\"elementor elementor-38585 elementor-38563\" data-elementor-post-type=\"page\">\n\t\t\t\t\t\t<section class=\"elementor-section elementor-top-section elementor-element elementor-element-522bd8b elementor-section-content-bottom elementor-section-boxed elementor-section-height-default elementor-section-height-default\" data-id=\"522bd8b\" data-element_type=\"section\" data-e-type=\"section\" data-settings=\"{&quot;background_background&quot;:&quot;classic&quot;}\">\n\t\t\t\t\t\t\t<div class=\"elementor-background-overlay\"><\/div>\n\t\t\t\t\t\t\t<div class=\"elementor-container elementor-column-gap-no\">\n\t\t\t\t\t<div class=\"elementor-column elementor-col-100 elementor-top-column elementor-element elementor-element-39df5ec\" data-id=\"39df5ec\" data-element_type=\"column\" data-e-type=\"column\">\n\t\t\t<div class=\"elementor-widget-wrap elementor-element-populated\">\n\t\t\t\t\t\t<div class=\"elementor-element elementor-element-ee6b700 elementor-widget elementor-widget-heading\" data-id=\"ee6b700\" data-element_type=\"widget\" data-e-type=\"widget\" data-widget_type=\"heading.default\">\n\t\t\t\t<div class=\"elementor-widget-container\">\n\t\t\t\t\t<h1 class=\"elementor-heading-title elementor-size-default\">Espacio de vida<\/h1>\t\t\t\t<\/div>\n\t\t\t\t<\/div>\n\t\t\t\t\t<\/div>\n\t\t<\/div>\n\t\t\t\t\t<\/div>\n\t\t<\/section>\n\t\t\t\t<section class=\"elementor-section elementor-top-section elementor-element elementor-element-fd0dc91 elementor-section-boxed elementor-section-height-default elementor-section-height-default\" data-id=\"fd0dc91\" data-element_type=\"section\" data-e-type=\"section\">\n\t\t\t\t\t\t<div class=\"elementor-container elementor-column-gap-default\">\n\t\t\t\t\t<div class=\"elementor-column elementor-col-100 elementor-top-column elementor-element elementor-element-c8d499c\" data-id=\"c8d499c\" data-element_type=\"column\" data-e-type=\"column\">\n\t\t\t<div class=\"elementor-widget-wrap elementor-element-populated\">\n\t\t\t\t\t\t<section class=\"elementor-section elementor-inner-section elementor-element elementor-element-0646097 elementor-section-boxed elementor-section-height-default elementor-section-height-default\" data-id=\"0646097\" data-element_type=\"section\" data-e-type=\"section\">\n\t\t\t\t\t\t<div class=\"elementor-container elementor-column-gap-default\">\n\t\t\t\t\t<div class=\"elementor-column elementor-col-100 elementor-inner-column elementor-element elementor-element-d7af612\" data-id=\"d7af612\" data-element_type=\"column\" data-e-type=\"column\">\n\t\t\t<div class=\"elementor-widget-wrap elementor-element-populated\">\n\t\t\t\t\t\t<div class=\"elementor-element elementor-element-b71c4c1 elementor-widget__width-initial elementor-widget elementor-widget-text-editor\" data-id=\"b71c4c1\" data-element_type=\"widget\" data-e-type=\"widget\" data-widget_type=\"text-editor.default\">\n\t\t\t\t<div class=\"elementor-widget-container\">\n\t\t\t\t\t\t\t\t\t<p><span style=\"font-weight: 400;\">El Espacio de Vida, el nuevo proyecto <strong>dirigido a personas con discapacidad que hasta ahora no estaban vinculadas a ning\u00fan servicio de atenci\u00f3n diurna<\/strong>, est\u00e1 teniendo unos resultados muy positivos y una valoraci\u00f3n excelente por parte de las familias y participantes.<\/span><\/p><p><span style=\"font-weight: 400;\">Impulsado con el objetivo de potenciar la autonom\u00eda personal, la inclusi\u00f3n y la participaci\u00f3n comunitaria, el Espacio de Vida es un punto de encuentro estable para personas que hasta ahora no dispon\u00edan de un recurso adaptado a sus necesidades sociales, culturales y terap\u00e9uticas.<\/span><\/p><p><span style=\"font-weight: 400;\"><strong>Los participantes tienen acceso a un amplio abanico de actividades l\u00fadicas y culturales<\/strong> tanto del municipio como de localidades pr\u00f3ximas: talleres creativos, salidas culturales, actividades deportivas adaptadas y propuestas de ocio inclusivo. Este contacto con el entorno <strong>permite reforzar el sentimiento de pertenencia, aumentar la autoestima y favorecer la creaci\u00f3n de nuevas redes sociales.<\/strong> <\/span><\/p>\t\t\t\t\t\t\t\t<\/div>\n\t\t\t\t<\/div>\n\t\t\t\t\t<\/div>\n\t\t<\/div>\n\t\t\t\t\t<\/div>\n\t\t<\/section>\n\t\t\t\t\t<\/div>\n\t\t<\/div>\n\t\t\t\t\t<\/div>\n\t\t<\/section>\n\t\t\t\t<section class=\"elementor-section elementor-top-section elementor-element elementor-element-d349c47 elementor-section-boxed elementor-section-height-default elementor-section-height-default\" data-id=\"d349c47\" data-element_type=\"section\" data-e-type=\"section\">\n\t\t\t\t\t\t<div class=\"elementor-container elementor-column-gap-default\">\n\t\t\t\t\t<div class=\"elementor-column elementor-col-50 elementor-top-column elementor-element elementor-element-b1324d6\" data-id=\"b1324d6\" data-element_type=\"column\" data-e-type=\"column\">\n\t\t\t<div class=\"elementor-widget-wrap elementor-element-populated\">\n\t\t\t\t\t\t<div class=\"elementor-element elementor-element-36cea06 elementor-widget elementor-widget-image\" data-id=\"36cea06\" data-element_type=\"widget\" data-e-type=\"widget\" data-widget_type=\"image.default\">\n\t\t\t\t<div class=\"elementor-widget-container\">\n\t\t\t\t\t\t\t\t\t\t\t\t\t\t\t<img fetchpriority=\"high\" decoding=\"async\" width=\"800\" height=\"800\" src=\"https:\/\/asproseat.org\/wp-content\/uploads\/2026\/02\/espai-vida-asproseat-1-1024x1024.jpg\" class=\"attachment-large size-large wp-image-38576\" alt=\"espai vida asproseat\" srcset=\"https:\/\/asproseat.org\/wp-content\/uploads\/2026\/02\/espai-vida-asproseat-1-1024x1024.jpg 1024w, https:\/\/asproseat.org\/wp-content\/uploads\/2026\/02\/espai-vida-asproseat-1-300x300.jpg 300w, https:\/\/asproseat.org\/wp-content\/uploads\/2026\/02\/espai-vida-asproseat-1-150x150.jpg 150w, https:\/\/asproseat.org\/wp-content\/uploads\/2026\/02\/espai-vida-asproseat-1-768x768.jpg 768w, https:\/\/asproseat.org\/wp-content\/uploads\/2026\/02\/espai-vida-asproseat-1.jpg 1200w\" sizes=\"(max-width: 800px) 100vw, 800px\" \/>\t\t\t\t\t\t\t\t\t\t\t\t\t\t\t<\/div>\n\t\t\t\t<\/div>\n\t\t\t\t\t<\/div>\n\t\t<\/div>\n\t\t\t\t<div class=\"elementor-column elementor-col-50 elementor-top-column elementor-element elementor-element-07b0197\" data-id=\"07b0197\" data-element_type=\"column\" data-e-type=\"column\">\n\t\t\t<div class=\"elementor-widget-wrap elementor-element-populated\">\n\t\t\t\t\t\t<div class=\"elementor-element elementor-element-112735b elementor-widget elementor-widget-image\" data-id=\"112735b\" data-element_type=\"widget\" data-e-type=\"widget\" data-widget_type=\"image.default\">\n\t\t\t\t<div class=\"elementor-widget-container\">\n\t\t\t\t\t\t\t\t\t\t\t\t\t\t\t<img decoding=\"async\" width=\"800\" height=\"800\" src=\"https:\/\/asproseat.org\/wp-content\/uploads\/2026\/02\/espai-vida-asproseat-1024x1024.jpg\" class=\"attachment-large size-large wp-image-38573\" alt=\"espai vida asproseat\" srcset=\"https:\/\/asproseat.org\/wp-content\/uploads\/2026\/02\/espai-vida-asproseat-1024x1024.jpg 1024w, https:\/\/asproseat.org\/wp-content\/uploads\/2026\/02\/espai-vida-asproseat-300x300.jpg 300w, https:\/\/asproseat.org\/wp-content\/uploads\/2026\/02\/espai-vida-asproseat-150x150.jpg 150w, https:\/\/asproseat.org\/wp-content\/uploads\/2026\/02\/espai-vida-asproseat-768x768.jpg 768w, https:\/\/asproseat.org\/wp-content\/uploads\/2026\/02\/espai-vida-asproseat.jpg 1200w\" sizes=\"(max-width: 800px) 100vw, 800px\" \/>\t\t\t\t\t\t\t\t\t\t\t\t\t\t\t<\/div>\n\t\t\t\t<\/div>\n\t\t\t\t\t<\/div>\n\t\t<\/div>\n\t\t\t\t\t<\/div>\n\t\t<\/section>\n\t\t\t\t<section class=\"elementor-section elementor-top-section elementor-element elementor-element-297d372 elementor-section-boxed elementor-section-height-default elementor-section-height-default\" data-id=\"297d372\" data-element_type=\"section\" data-e-type=\"section\">\n\t\t\t\t\t\t<div class=\"elementor-container elementor-column-gap-default\">\n\t\t\t\t\t<div class=\"elementor-column elementor-col-100 elementor-top-column elementor-element elementor-element-6541766\" data-id=\"6541766\" data-element_type=\"column\" data-e-type=\"column\">\n\t\t\t<div class=\"elementor-widget-wrap elementor-element-populated\">\n\t\t\t\t\t\t<div class=\"elementor-element elementor-element-7888583 elementor-widget elementor-widget-text-editor\" data-id=\"7888583\" data-element_type=\"widget\" data-e-type=\"widget\" data-widget_type=\"text-editor.default\">\n\t\t\t\t<div class=\"elementor-widget-container\">\n\t\t\t\t\t\t\t\t\t<p><span style=\"font-weight: 400;\">Uno de los elementos m\u00e1s destacados del proyecto es la i<strong>ncorporaci\u00f3n de un servicio de fisioterapia<\/strong>, que ofrece sesiones personalizadas orientadas al bienestar f\u00edsico, la prevenci\u00f3n de dolores y la mejora de la movilidad. Este acompa\u00f1amiento terap\u00e9utico es especialmente <strong>valorado por las familias<\/strong>, que han se\u00f1alado una mejora en el confort y la actividad cotidiana de los participantes. <\/span><\/p><p><span style=\"font-weight: 400;\"><strong>Asproseat reafirma as\u00ed su compromiso con una atenci\u00f3n m\u00e1s cercana, inclusiva y centrada en la persona,<\/strong> abriendo nuevas oportunidades de participaci\u00f3n y bienestar para un colectivo que hasta ahora quedaba fuera de los circuitos de atenci\u00f3n diurna. <strong>Todo esto ha sido posible gracias al apoyo del Departamento de Derechos Sociales e Inclusi\u00f3n.<\/strong><\/span><\/p>\t\t\t\t\t\t\t\t<\/div>\n\t\t\t\t<\/div>\n\t\t\t\t\t<\/div>\n\t\t<\/div>\n\t\t\t\t\t<\/div>\n\t\t<\/section>\n\t\t\t\t<\/div>\n\t\t","protected":false},"excerpt":{"rendered":"<p>Espacio de vida El Espacio de Vida, el nuevo proyecto dirigido a personas con discapacidad que hasta ahora no estaban vinculadas a ning\u00fan servicio de atenci\u00f3n diurna, est\u00e1 teniendo unos resultados muy positivos y una valoraci\u00f3n excelente por parte de las familias y participantes. Impulsado con el objetivo de potenciar la autonom\u00eda personal, la inclusi\u00f3n [&hellip;]<\/p>\n","protected":false},"author":5,"featured_media":0,"parent":0,"menu_order":0,"comment_status":"closed","ping_status":"closed","template":"","meta":{"footnotes":""},"class_list":["post-38585","page","type-page","status-publish","hentry"],"yoast_head":"<!-- This site is optimized with the Yoast SEO plugin v27.5 - https:\/\/yoast.com\/product\/yoast-seo-wordpress\/ -->\n<title>Espacio de vida - Asproseat<\/title>\n<meta name=\"robots\" content=\"index, follow, max-snippet:-1, max-image-preview:large, max-video-preview:-1\" \/>\n<link rel=\"canonical\" href=\"https:\/\/asproseat.org\/es\/espacio-de-vida\/\" \/>\n<meta property=\"og:locale\" content=\"es_ES\" \/>\n<meta property=\"og:type\" content=\"article\" \/>\n<meta property=\"og:title\" content=\"Espacio de vida - Asproseat\" \/>\n<meta property=\"og:description\" content=\"Espacio de vida El Espacio de Vida, el nuevo proyecto dirigido a personas con discapacidad que hasta ahora no estaban vinculadas a ning\u00fan servicio de atenci\u00f3n diurna, est\u00e1 teniendo unos resultados muy positivos y una valoraci\u00f3n excelente por parte de las familias y participantes. Impulsado con el objetivo de potenciar la autonom\u00eda personal, la inclusi\u00f3n [&hellip;]\" \/>\n<meta property=\"og:url\" content=\"https:\/\/asproseat.org\/es\/espacio-de-vida\/\" \/>\n<meta property=\"og:site_name\" content=\"Asproseat\" \/>\n<meta property=\"article:modified_time\" content=\"2026-02-24T12:44:48+00:00\" \/>\n<meta property=\"og:image\" content=\"https:\/\/asproseat.org\/wp-content\/uploads\/2026\/02\/espai-vida-asproseat-1.jpg\" \/>\n\t<meta property=\"og:image:width\" content=\"1200\" \/>\n\t<meta property=\"og:image:height\" content=\"1200\" \/>\n\t<meta property=\"og:image:type\" content=\"image\/jpeg\" \/>\n<meta name=\"twitter:card\" content=\"summary_large_image\" \/>\n<script type=\"application\/ld+json\" class=\"yoast-schema-graph\">{\"@context\":\"https:\\\/\\\/schema.org\",\"@graph\":[{\"@type\":\"WebPage\",\"@id\":\"https:\\\/\\\/asproseat.org\\\/es\\\/espacio-de-vida\\\/\",\"url\":\"https:\\\/\\\/asproseat.org\\\/es\\\/espacio-de-vida\\\/\",\"name\":\"Espacio de vida - Asproseat\",\"isPartOf\":{\"@id\":\"https:\\\/\\\/asproseat.org\\\/#website\"},\"primaryImageOfPage\":{\"@id\":\"https:\\\/\\\/asproseat.org\\\/es\\\/espacio-de-vida\\\/#primaryimage\"},\"image\":{\"@id\":\"https:\\\/\\\/asproseat.org\\\/es\\\/espacio-de-vida\\\/#primaryimage\"},\"thumbnailUrl\":\"https:\\\/\\\/asproseat.org\\\/wp-content\\\/uploads\\\/2026\\\/02\\\/espai-vida-asproseat-1-1024x1024.jpg\",\"datePublished\":\"2026-02-24T12:44:47+00:00\",\"dateModified\":\"2026-02-24T12:44:48+00:00\",\"breadcrumb\":{\"@id\":\"https:\\\/\\\/asproseat.org\\\/es\\\/espacio-de-vida\\\/#breadcrumb\"},\"inLanguage\":\"ES\",\"potentialAction\":[{\"@type\":\"ReadAction\",\"target\":[\"https:\\\/\\\/asproseat.org\\\/es\\\/espacio-de-vida\\\/\"]}]},{\"@type\":\"ImageObject\",\"inLanguage\":\"ES\",\"@id\":\"https:\\\/\\\/asproseat.org\\\/es\\\/espacio-de-vida\\\/#primaryimage\",\"url\":\"https:\\\/\\\/asproseat.org\\\/wp-content\\\/uploads\\\/2026\\\/02\\\/espai-vida-asproseat-1-1024x1024.jpg\",\"contentUrl\":\"https:\\\/\\\/asproseat.org\\\/wp-content\\\/uploads\\\/2026\\\/02\\\/espai-vida-asproseat-1-1024x1024.jpg\"},{\"@type\":\"BreadcrumbList\",\"@id\":\"https:\\\/\\\/asproseat.org\\\/es\\\/espacio-de-vida\\\/#breadcrumb\",\"itemListElement\":[{\"@type\":\"ListItem\",\"position\":1,\"name\":\"Inici\",\"item\":\"https:\\\/\\\/asproseat.org\\\/\"},{\"@type\":\"ListItem\",\"position\":2,\"name\":\"Espacio de vida\"}]},{\"@type\":\"WebSite\",\"@id\":\"https:\\\/\\\/asproseat.org\\\/#website\",\"url\":\"https:\\\/\\\/asproseat.org\\\/\",\"name\":\"Asproseat\",\"description\":\"Serveis a persones amb discapacitat\",\"publisher\":{\"@id\":\"https:\\\/\\\/asproseat.org\\\/#organization\"},\"potentialAction\":[{\"@type\":\"SearchAction\",\"target\":{\"@type\":\"EntryPoint\",\"urlTemplate\":\"https:\\\/\\\/asproseat.org\\\/?s={search_term_string}\"},\"query-input\":{\"@type\":\"PropertyValueSpecification\",\"valueRequired\":true,\"valueName\":\"search_term_string\"}}],\"inLanguage\":\"ES\"},{\"@type\":\"Organization\",\"@id\":\"https:\\\/\\\/asproseat.org\\\/#organization\",\"name\":\"Asproseat\",\"url\":\"https:\\\/\\\/asproseat.org\\\/\",\"logo\":{\"@type\":\"ImageObject\",\"inLanguage\":\"ES\",\"@id\":\"https:\\\/\\\/asproseat.org\\\/#\\\/schema\\\/logo\\\/image\\\/\",\"url\":\"https:\\\/\\\/asproseat.org\\\/wp-content\\\/uploads\\\/2021\\\/08\\\/cropped-asproseat-logo-white2-1.png\",\"contentUrl\":\"https:\\\/\\\/asproseat.org\\\/wp-content\\\/uploads\\\/2021\\\/08\\\/cropped-asproseat-logo-white2-1.png\",\"width\":300,\"height\":79,\"caption\":\"Asproseat\"},\"image\":{\"@id\":\"https:\\\/\\\/asproseat.org\\\/#\\\/schema\\\/logo\\\/image\\\/\"}}]}<\/script>\n<!-- \/ Yoast SEO plugin. -->","yoast_head_json":{"title":"Espacio de vida - Asproseat","robots":{"index":"index","follow":"follow","max-snippet":"max-snippet:-1","max-image-preview":"max-image-preview:large","max-video-preview":"max-video-preview:-1"},"canonical":"https:\/\/asproseat.org\/es\/espacio-de-vida\/","og_locale":"es_ES","og_type":"article","og_title":"Espacio de vida - Asproseat","og_description":"Espacio de vida El Espacio de Vida, el nuevo proyecto dirigido a personas con discapacidad que hasta ahora no estaban vinculadas a ning\u00fan servicio de atenci\u00f3n diurna, est\u00e1 teniendo unos resultados muy positivos y una valoraci\u00f3n excelente por parte de las familias y participantes. Impulsado con el objetivo de potenciar la autonom\u00eda personal, la inclusi\u00f3n [&hellip;]","og_url":"https:\/\/asproseat.org\/es\/espacio-de-vida\/","og_site_name":"Asproseat","article_modified_time":"2026-02-24T12:44:48+00:00","og_image":[{"width":1200,"height":1200,"url":"https:\/\/asproseat.org\/wp-content\/uploads\/2026\/02\/espai-vida-asproseat-1.jpg","type":"image\/jpeg"}],"twitter_card":"summary_large_image","schema":{"@context":"https:\/\/schema.org","@graph":[{"@type":"WebPage","@id":"https:\/\/asproseat.org\/es\/espacio-de-vida\/","url":"https:\/\/asproseat.org\/es\/espacio-de-vida\/","name":"Espacio de vida - Asproseat","isPartOf":{"@id":"https:\/\/asproseat.org\/#website"},"primaryImageOfPage":{"@id":"https:\/\/asproseat.org\/es\/espacio-de-vida\/#primaryimage"},"image":{"@id":"https:\/\/asproseat.org\/es\/espacio-de-vida\/#primaryimage"},"thumbnailUrl":"https:\/\/asproseat.org\/wp-content\/uploads\/2026\/02\/espai-vida-asproseat-1-1024x1024.jpg","datePublished":"2026-02-24T12:44:47+00:00","dateModified":"2026-02-24T12:44:48+00:00","breadcrumb":{"@id":"https:\/\/asproseat.org\/es\/espacio-de-vida\/#breadcrumb"},"inLanguage":"ES","potentialAction":[{"@type":"ReadAction","target":["https:\/\/asproseat.org\/es\/espacio-de-vida\/"]}]},{"@type":"ImageObject","inLanguage":"ES","@id":"https:\/\/asproseat.org\/es\/espacio-de-vida\/#primaryimage","url":"https:\/\/asproseat.org\/wp-content\/uploads\/2026\/02\/espai-vida-asproseat-1-1024x1024.jpg","contentUrl":"https:\/\/asproseat.org\/wp-content\/uploads\/2026\/02\/espai-vida-asproseat-1-1024x1024.jpg"},{"@type":"BreadcrumbList","@id":"https:\/\/asproseat.org\/es\/espacio-de-vida\/#breadcrumb","itemListElement":[{"@type":"ListItem","position":1,"name":"Inici","item":"https:\/\/asproseat.org\/"},{"@type":"ListItem","position":2,"name":"Espacio de vida"}]},{"@type":"WebSite","@id":"https:\/\/asproseat.org\/#website","url":"https:\/\/asproseat.org\/","name":"Asproseat","description":"Serveis a persones amb discapacitat","publisher":{"@id":"https:\/\/asproseat.org\/#organization"},"potentialAction":[{"@type":"SearchAction","target":{"@type":"EntryPoint","urlTemplate":"https:\/\/asproseat.org\/?s={search_term_string}"},"query-input":{"@type":"PropertyValueSpecification","valueRequired":true,"valueName":"search_term_string"}}],"inLanguage":"ES"},{"@type":"Organization","@id":"https:\/\/asproseat.org\/#organization","name":"Asproseat","url":"https:\/\/asproseat.org\/","logo":{"@type":"ImageObject","inLanguage":"ES","@id":"https:\/\/asproseat.org\/#\/schema\/logo\/image\/","url":"https:\/\/asproseat.org\/wp-content\/uploads\/2021\/08\/cropped-asproseat-logo-white2-1.png","contentUrl":"https:\/\/asproseat.org\/wp-content\/uploads\/2021\/08\/cropped-asproseat-logo-white2-1.png","width":300,"height":79,"caption":"Asproseat"},"image":{"@id":"https:\/\/asproseat.org\/#\/schema\/logo\/image\/"}}]}},"_links":{"self":[{"href":"https:\/\/asproseat.org\/es\/wp-json\/wp\/v2\/pages\/38585","targetHints":{"allow":["GET"]}}],"collection":[{"href":"https:\/\/asproseat.org\/es\/wp-json\/wp\/v2\/pages"}],"about":[{"href":"https:\/\/asproseat.org\/es\/wp-json\/wp\/v2\/types\/page"}],"author":[{"embeddable":true,"href":"https:\/\/asproseat.org\/es\/wp-json\/wp\/v2\/users\/5"}],"replies":[{"embeddable":true,"href":"https:\/\/asproseat.org\/es\/wp-json\/wp\/v2\/comments?post=38585"}],"version-history":[{"count":1,"href":"https:\/\/asproseat.org\/es\/wp-json\/wp\/v2\/pages\/38585\/revisions"}],"predecessor-version":[{"id":38586,"href":"https:\/\/asproseat.org\/es\/wp-json\/wp\/v2\/pages\/38585\/revisions\/38586"}],"wp:attachment":[{"href":"https:\/\/asproseat.org\/es\/wp-json\/wp\/v2\/media?parent=38585"}],"curies":[{"name":"wp","href":"https:\/\/api.w.org\/{rel}","templated":true}]}}